{"id":1863,"date":"2025-11-29T12:03:44","date_gmt":"2025-11-29T12:03:44","guid":{"rendered":"https:\/\/lightpink-duck-199951.hostingersite.com\/?page_id=1863"},"modified":"2026-04-07T19:48:33","modified_gmt":"2026-04-07T19:48:33","slug":"storitve","status":"publish","type":"page","link":"https:\/\/zlatarna-kolatahi.com\/?page_id=1863","title":{"rendered":"Storitve"},"content":{"rendered":"\n<h2 class=\"wp-block-heading has-text-align-center\">Zlatarstvo \u2022 Popravila \u2022 Obnova nakita \u2022 Graviranje \u2022 Odkup zlata<\/h2>\n\n\n\n<br>\n\n\n\n<p style=\"font-size:16px\">V <strong>Zlatarni Kolatahi<\/strong> nudimo strokovne zlatarske storitve z veliko pozornostjo do detajlov, kakovosti in tradicije. Vsak kos nakita obravnavamo individualno, s poudarkom na trajnosti, estetiki in varnosti kamnov.<\/p>\n\n\n\n<br>\n\n\n\n<br>\n\n\n\n<div class=\"wp-block-columns are-vertically-aligned-top is-layout-flex wp-container-core-columns-is-layout-9d6595d7 wp-block-columns-is-layout-flex\">\n<div class=\"wp-block-column is-vertically-aligned-top is-layout-flow wp-block-column-is-layout-flow\">\n<h2 class=\"wp-block-heading has-text-align-left\">Lotanje veri\u017eic in zapestnic<\/h2>\n\n\n\n<ul class=\"wp-block-list\">\n<li>&#8211; Pregled stanja nakita<\/li>\n\n\n\n<li>&#8211; Svetovanje s stranko<\/li>\n\n\n\n<li>&#8211; Pred\u010di\u0161\u010denje<\/li>\n\n\n\n<li>&#8211; Lotanje in obdelava<\/li>\n\n\n\n<li>&#8211; Poliranje in \u010di\u0161\u010denje<\/li>\n\n\n\n<li>&#8211; Pregled in servis zaponk<\/li>\n\n\n\n<li>&#8211; Preverjanje stabilnosti vdelanih kamnov<\/li>\n\n\n\n<li>&#8211; Po potrebi pritrditev kamnov<\/li>\n\n\n\n<li>&#8211; Rodiniranje po dogovoru<\/li>\n<\/ul>\n<\/div>\n\n\n\n<div class=\"wp-block-column is-vertically-aligned-top is-layout-flow wp-block-column-is-layout-flow\">\n<h2 class=\"wp-block-heading has-text-align-left\">Lotanje prstanov<\/h2>\n\n\n\n<ul class=\"wp-block-list\">\n<li>&#8211; Pregled prstana in svetovanje<\/li>\n\n\n\n<li>&#8211; Pred\u010di\u0161\u010denje<\/li>\n\n\n\n<li>&#8211; Lotanje in obdelava<\/li>\n\n\n\n<li>&#8211; Poliranje in \u010di\u0161\u010denje<\/li>\n\n\n\n<li>&#8211; Preverjanje stabilnosti kamnov<\/li>\n\n\n\n<li>&#8211; Pritrditev kamnov po potrebi<\/li>\n\n\n\n<li>&#8211; Rodiniranje po dogovoru<\/li>\n<\/ul>\n<\/div>\n\n\n\n<div class=\"wp-block-column is-vertically-aligned-top is-layout-flow wp-block-column-is-layout-flow\">\n<h2 class=\"wp-block-heading has-text-align-left\">Obnovitev \u010dlena na veri\u017eici, obesku ali uhanu<\/h2>\n\n\n\n<ul class=\"wp-block-list\">\n<li>&#8211; Pregled vseh \u010dlenov<\/li>\n\n\n\n<li>&#8211; Svetovanje<\/li>\n\n\n\n<li>&#8211; Pred\u010di\u0161\u010denje<\/li>\n\n\n\n<li>&#8211; Dodajanje materiala z lotanjem<\/li>\n\n\n\n<li>&#8211; Obdelava, poliranje in \u010di\u0161\u010denje<\/li>\n\n\n\n<li>&#8211; Rodiniranje po dogovoru<\/li>\n<\/ul>\n<\/div>\n<\/div>\n\n\n\n<br>\n\n\n\n<div class=\"wp-block-columns is-layout-flex wp-container-core-columns-is-layout-9d6595d7 wp-block-columns-is-layout-flex\">\n<div class=\"wp-block-column is-layout-flow wp-block-column-is-layout-flow\">\n<h2 class=\"wp-block-heading\">Pomanj\u0161anje prstana<\/h2>\n\n\n\n<ul class=\"wp-block-list\">\n<li>&#8211; Pregled in svetovanje<\/li>\n\n\n\n<li>&#8211; Pred\u010di\u0161\u010denje<\/li>\n\n\n\n<li>&#8211; Prilagoditev velikosti<\/li>\n\n\n\n<li>&#8211; Lotanje in obdelava<\/li>\n\n\n\n<li>&#8211; Poliranje in \u010di\u0161\u010denje<\/li>\n\n\n\n<li>&#8211; Preverjanje stabilnosti in pritrditev kamnov<\/li>\n\n\n\n<li>&#8211; Rodiniranje po dogovoru<\/li>\n<\/ul>\n<\/div>\n\n\n\n<div class=\"wp-block-column is-layout-flow wp-block-column-is-layout-flow\">\n<h2 class=\"wp-block-heading\">Pove\u010danje prstana<\/h2>\n\n\n\n<ul class=\"wp-block-list\">\n<li>&#8211; Pregled in svetovanje<\/li>\n\n\n\n<li>&#8211; Pred\u010di\u0161\u010denje<\/li>\n\n\n\n<li>&#8211; Dodajanje materiala<\/li>\n\n\n\n<li>&#8211; Prilagoditev velikosti<\/li>\n\n\n\n<li>&#8211; Lotanje, obdelava in poliranje<\/li>\n\n\n\n<li>&#8211; \u010ci\u0161\u010denje<\/li>\n\n\n\n<li>&#8211; Preverjanje stabilnosti in pritrditev kamnov<\/li>\n\n\n\n<li>&#8211; Rodiniranje po dogovoru<\/li>\n<\/ul>\n<\/div>\n\n\n\n<div class=\"wp-block-column is-layout-flow wp-block-column-is-layout-flow\">\n<h2 class=\"wp-block-heading\">Menjava \u0161ine<\/h2>\n\n\n\n<ul class=\"wp-block-list\">\n<li>&#8211; Odstranitev stare \u0161ine<\/li>\n\n\n\n<li>&#8211; Izdelava in dodajanje nove \u0161ine<\/li>\n\n\n\n<li>&#8211; Obdelava in poliranje<\/li>\n\n\n\n<li>&#8211; \u010ci\u0161\u010denje<\/li>\n\n\n\n<li>&#8211; Preverjanje stabilnosti kamnov<\/li>\n\n\n\n<li>&#8211; Pritrditev kamnov po potrebi<\/li>\n\n\n\n<li>&#8211; Rodiniranje po dogovoru<\/li>\n<\/ul>\n<\/div>\n<\/div>\n\n\n\n<br>\n\n\n\n<div class=\"wp-block-columns is-layout-flex wp-container-core-columns-is-layout-9d6595d7 wp-block-columns-is-layout-flex\">\n<div class=\"wp-block-column is-layout-flow wp-block-column-is-layout-flow\">\n<h2 class=\"wp-block-heading\">Pritrditev kamna<\/h2>\n\n\n\n<ul class=\"wp-block-list\">\n<li>&#8211; Pregled le\u017ei\u0161\u010da, okova in kamna<\/li>\n\n\n\n<li>&#8211; Svetovanje<\/li>\n\n\n\n<li>&#8211; Pred\u010di\u0161\u010denje<\/li>\n\n\n\n<li>&#8211; Pritrditev kamna<\/li>\n\n\n\n<li>&#8211; Obdelava in poliranje<\/li>\n\n\n\n<li>&#8211; \u010ci\u0161\u010denje<\/li>\n\n\n\n<li>&#8211; Rodiniranje po dogovoru<\/li>\n<\/ul>\n<\/div>\n\n\n\n<div class=\"wp-block-column is-layout-flow wp-block-column-is-layout-flow\">\n<h2 class=\"wp-block-heading\">Obnova okovov<\/h2>\n\n\n\n<ul class=\"wp-block-list\">\n<li>&#8211; Pregled le\u017ei\u0161\u010da, okova in kamna<\/li>\n\n\n\n<li>&#8211; Odstranitev starega okova<\/li>\n\n\n\n<li>&#8211; Izdelava in vdelava novega okova<\/li>\n\n\n\n<li>&#8211; Obdelava kamna<\/li>\n\n\n\n<li>&#8211; Poliranje in \u010di\u0161\u010denje<\/li>\n\n\n\n<li>&#8211; Rodiniranje po dogovoru<\/li>\n<\/ul>\n<\/div>\n\n\n\n<div class=\"wp-block-column is-layout-flow wp-block-column-is-layout-flow\">\n<h2 class=\"wp-block-heading\">\u010ci\u0161\u010denje nakita<\/h2>\n\n\n\n<ul class=\"wp-block-list\">\n<li>&#8211; Pregled stanja<\/li>\n\n\n\n<li>&#8211; Svetovanje<\/li>\n\n\n\n<li>&#8211; Bru\u0161enje po potrebi<\/li>\n\n\n\n<li>&#8211; Poliranje<\/li>\n\n\n\n<li>&#8211; Temeljito \u010di\u0161\u010denje<\/li>\n\n\n\n<li>&#8211; Pregled in servis zaponk<\/li>\n\n\n\n<li>&#8211; Preverjanje stabilnosti kamnov<\/li>\n\n\n\n<li>&#8211; Pritrditev kamnov po potrebi<\/li>\n\n\n\n<li>&#8211; Enostavno ali kompleksno rodiniranje<\/li>\n<\/ul>\n<\/div>\n<\/div>\n\n\n\n<br>\n\n\n\n<hr class=\"wp-block-separator has-alpha-channel-opacity\"\/>\n\n\n\n<div class=\"wp-block-columns is-layout-flex wp-container-core-columns-is-layout-9d6595d7 wp-block-columns-is-layout-flex\">\n<div class=\"wp-block-column is-layout-flow wp-block-column-is-layout-flow\"><\/div>\n\n\n\n<div class=\"wp-block-column is-layout-flow wp-block-column-is-layout-flow\">\n<h2 class=\"wp-block-heading\">Graviranje nakita<\/h2>\n<\/div>\n\n\n\n<div class=\"wp-block-column is-layout-flow wp-block-column-is-layout-flow\"><\/div>\n<\/div>\n\n\n\n<br>\n\n\n\n<div class=\"wp-block-columns is-layout-flex wp-container-core-columns-is-layout-9d6595d7 wp-block-columns-is-layout-flex\">\n<div class=\"wp-block-column is-layout-flow wp-block-column-is-layout-flow\">\n<h3 class=\"wp-block-heading\">Ro\u010dno graviranje<\/h3>\n\n\n\n<ul class=\"wp-block-list\">\n<li>&#8211; Svetovanje in priprava izgleda    gravure<\/li>\n\n\n\n<li>&#8211; Pred\u010di\u0161\u010denje<\/li>\n\n\n\n<li>&#8211; Vpenjanje in priprava povr\u0161ine<\/li>\n\n\n\n<li>&#8211; Ro\u010dno graviranje<\/li>\n\n\n\n<li>&#8211; \u010ci\u0161\u010denje in poliranje<\/li>\n\n\n\n<li>&#8211; Rodiniranje po dogovoru<\/li>\n<\/ul>\n<\/div>\n\n\n\n<div class=\"wp-block-column is-layout-flow wp-block-column-is-layout-flow\">\n<p><\/p>\n<\/div>\n\n\n\n<div class=\"wp-block-column is-layout-flow wp-block-column-is-layout-flow\">\n<h3 class=\"wp-block-heading\">Strojno graviranje<\/h3>\n\n\n\n<ul class=\"wp-block-list\">\n<li>&#8211; Priprava besedila ali motiva<\/li>\n\n\n\n<li>&#8211; Natan\u010dno strojno graviranje<\/li>\n\n\n\n<li>&#8211; \u010ci\u0161\u010denje in obdelava<\/li>\n\n\n\n<li>&#8211; Poliranje<\/li>\n<\/ul>\n<\/div>\n<\/div>\n\n\n\n<hr class=\"wp-block-separator has-alpha-channel-opacity\"\/>\n\n\n\n<br>\n\n\n\n<div class=\"wp-block-columns is-layout-flex wp-container-core-columns-is-layout-9d6595d7 wp-block-columns-is-layout-flex\">\n<div class=\"wp-block-column is-layout-flow wp-block-column-is-layout-flow\">\n<h2 class=\"wp-block-heading\">Nizanje biserov in drugih kamnov<\/h2>\n\n\n\n<ul class=\"wp-block-list\">\n<li>&#8211; Svetovanje<\/li>\n\n\n\n<li>&#8211; Pregled stanja biserov ali kamnov<\/li>\n\n\n\n<li>&#8211; Razdiranje ogrlice<\/li>\n\n\n\n<li>&#8211; \u010ci\u0161\u010denje<\/li>\n\n\n\n<li>&#8211; Nizanje (z ali brez vozlov)<\/li>\n\n\n\n<li>&#8211; Servis zapirala<\/li>\n\n\n\n<li>&#8211; Poliranje zapirala<\/li>\n<\/ul>\n<\/div>\n\n\n\n<div class=\"wp-block-column is-layout-flow wp-block-column-is-layout-flow\">\n<h2 class=\"wp-block-heading\">Zlatar\u00adska ura <\/h2>\n\n\n\n<ul class=\"wp-block-list\">\n<li>&#8211; Svetovanje s stranko<\/li>\n\n\n\n<li>&#8211; Na\u010drtovanje in izdelava nakita<\/li>\n\n\n\n<li>&#8211; Popravila in prilagoditve<\/li>\n\n\n\n<li>&#8211; Uporaba profesionalnega orodja in postopkov<\/li>\n<\/ul>\n<\/div>\n\n\n\n<div class=\"wp-block-column is-layout-flow wp-block-column-is-layout-flow\">\n<h2 class=\"wp-block-heading\">Pregled materiala za namen kasnej\u0161ega odkupa<\/h2>\n\n\n\n<ul class=\"wp-block-list\">\n<li>&#8211; Svetovanje<\/li>\n\n\n\n<li>&#8211; Ultrazvo\u010dno \u010di\u0161\u010denje nakita<\/li>\n\n\n\n<li>&#8211; Odstranitev zobne keramike (po potrebi)<\/li>\n\n\n\n<li>&#8211; Preverjanje \u010distosti kovin<\/li>\n\n\n\n<li>&#8211; Izra\u010dun vrednosti materiala<\/li>\n<\/ul>\n<\/div>\n<\/div>\n\n\n\n<br>\n\n\n\n<br>\n\n\n\n<p class=\"has-medium-font-size\"><strong>Kako poslati kos nakita:<\/strong><\/p>\n\n\n\n<p style=\"font-size:16px\">Prosimo, da nas pred po\u0161iljanjem kontaktirate preko obrazca ali telefona, da se dogovorimo za na\u010din po\u0161iljanja in natan\u010dne podrobnosti. Va\u0161 kos nakita ali ura bosta pri nas obravnavana z najve\u010djo skrbnostjo in strokovnostjo.<\/p>\n\n\n\n<br>\n\n\n\n<p class=\"has-medium-font-size\"><strong>Kontaktirajte nas:<\/strong><\/p>\n\n\n\n<ul style=\"font-size:16px\" class=\"wp-block-list\">\n<li style=\"font-size:16px\">Elektronska po\u0161ta: <strong>zlatarnakolatahi.k.r@gmail.com<\/strong><\/li>\n\n\n\n<li style=\"font-size:16px\">Telefonska \u0161tevilka: <strong>+386 51 419 366<\/strong><\/li>\n\n\n\n<li>V poslovalnici od <strong>09:00<\/strong> do <strong>13:00<\/strong><\/li>\n<\/ul>\n\n\n\n<hr class=\"wp-block-separator has-alpha-channel-opacity\"\/>\n\n\n\n<br>\n\n\n\n<p class=\"has-medium-font-size\"><strong>Za dodatna vpra\u0161anja smo vedno na voljo preko e-po\u0161te, telefonsko ali osebno v poslovalnici.<\/strong><\/p>\n\n\n\n<p><\/p>\n","protected":false},"excerpt":{"rendered":"<p>Zlatarstvo \u2022 Popravila \u2022 Obnova nakita \u2022 Graviranje \u2022 Odkup zlata V Zlatarni Kolatahi nudimo strokovne zlatarske storitve z veliko [&hellip;]<\/p>\n","protected":false},"author":1,"featured_media":0,"parent":0,"menu_order":0,"comment_status":"closed","ping_status":"closed","template":"","meta":{"footnotes":""},"class_list":["post-1863","page","type-page","status-publish","hentry"],"yoast_head":"<!-- This site is optimized with the Yoast SEO plugin v27.6 - https:\/\/yoast.com\/product\/yoast-seo-wordpress\/ -->\n<title>Storitve - Zlatarna Kolatahi<\/title>\n<meta name=\"robots\" content=\"index, follow, max-snippet:-1, max-image-preview:large, max-video-preview:-1\" \/>\n<link rel=\"canonical\" href=\"https:\/\/zlatarna-kolatahi.com\/?page_id=1863\" \/>\n<meta property=\"og:locale\" content=\"sl_SI\" \/>\n<meta property=\"og:type\" content=\"article\" \/>\n<meta property=\"og:title\" content=\"Storitve - Zlatarna Kolatahi\" \/>\n<meta property=\"og:description\" content=\"Zlatarstvo \u2022 Popravila \u2022 Obnova nakita \u2022 Graviranje \u2022 Odkup zlata V Zlatarni Kolatahi nudimo strokovne zlatarske storitve z veliko [&hellip;]\" \/>\n<meta property=\"og:url\" content=\"https:\/\/zlatarna-kolatahi.com\/?page_id=1863\" \/>\n<meta property=\"og:site_name\" content=\"Zlatarna Kolatahi\" \/>\n<meta property=\"article:modified_time\" content=\"2026-04-07T19:48:33+00:00\" \/>\n<meta name=\"twitter:card\" content=\"summary_large_image\" \/>\n<meta name=\"twitter:label1\" content=\"Est. reading time\" \/>\n\t<meta name=\"twitter:data1\" content=\"3 minute\" \/>\n<script type=\"application\/ld+json\" class=\"yoast-schema-graph\">{\"@context\":\"https:\\\/\\\/schema.org\",\"@graph\":[{\"@type\":\"WebPage\",\"@id\":\"https:\\\/\\\/zlatarna-kolatahi.com\\\/?page_id=1863\",\"url\":\"https:\\\/\\\/zlatarna-kolatahi.com\\\/?page_id=1863\",\"name\":\"Storitve - Zlatarna Kolatahi\",\"isPartOf\":{\"@id\":\"https:\\\/\\\/zlatarna-kolatahi.com\\\/#website\"},\"datePublished\":\"2025-11-29T12:03:44+00:00\",\"dateModified\":\"2026-04-07T19:48:33+00:00\",\"breadcrumb\":{\"@id\":\"https:\\\/\\\/zlatarna-kolatahi.com\\\/?page_id=1863#breadcrumb\"},\"inLanguage\":\"sl-SI\",\"potentialAction\":[{\"@type\":\"ReadAction\",\"target\":[\"https:\\\/\\\/zlatarna-kolatahi.com\\\/?page_id=1863\"]}]},{\"@type\":\"BreadcrumbList\",\"@id\":\"https:\\\/\\\/zlatarna-kolatahi.com\\\/?page_id=1863#breadcrumb\",\"itemListElement\":[{\"@type\":\"ListItem\",\"position\":1,\"name\":\"Home\",\"item\":\"https:\\\/\\\/zlatarna-kolatahi.com\\\/\"},{\"@type\":\"ListItem\",\"position\":2,\"name\":\"Storitve\"}]},{\"@type\":\"WebSite\",\"@id\":\"https:\\\/\\\/zlatarna-kolatahi.com\\\/#website\",\"url\":\"https:\\\/\\\/zlatarna-kolatahi.com\\\/\",\"name\":\"Zlatarna Kolatahi\",\"description\":\"\",\"publisher\":{\"@id\":\"https:\\\/\\\/zlatarna-kolatahi.com\\\/#organization\"},\"potentialAction\":[{\"@type\":\"SearchAction\",\"target\":{\"@type\":\"EntryPoint\",\"urlTemplate\":\"https:\\\/\\\/zlatarna-kolatahi.com\\\/?s={search_term_string}\"},\"query-input\":{\"@type\":\"PropertyValueSpecification\",\"valueRequired\":true,\"valueName\":\"search_term_string\"}}],\"inLanguage\":\"sl-SI\"},{\"@type\":\"Organization\",\"@id\":\"https:\\\/\\\/zlatarna-kolatahi.com\\\/#organization\",\"name\":\"Zlatarna Kolatahi\",\"url\":\"https:\\\/\\\/zlatarna-kolatahi.com\\\/\",\"logo\":{\"@type\":\"ImageObject\",\"inLanguage\":\"sl-SI\",\"@id\":\"https:\\\/\\\/zlatarna-kolatahi.com\\\/#\\\/schema\\\/logo\\\/image\\\/\",\"url\":\"https:\\\/\\\/zlatarna-kolatahi.com\\\/wp-content\\\/uploads\\\/2026\\\/01\\\/cropped-cropped-Posnetek_zaslona_2026-01-17_123852-removebg-preview.png\",\"contentUrl\":\"https:\\\/\\\/zlatarna-kolatahi.com\\\/wp-content\\\/uploads\\\/2026\\\/01\\\/cropped-cropped-Posnetek_zaslona_2026-01-17_123852-removebg-preview.png\",\"width\":512,\"height\":512,\"caption\":\"Zlatarna Kolatahi\"},\"image\":{\"@id\":\"https:\\\/\\\/zlatarna-kolatahi.com\\\/#\\\/schema\\\/logo\\\/image\\\/\"}}]}<\/script>\n<!-- \/ Yoast SEO plugin. -->","yoast_head_json":{"title":"Storitve - Zlatarna Kolatahi","robots":{"index":"index","follow":"follow","max-snippet":"max-snippet:-1","max-image-preview":"max-image-preview:large","max-video-preview":"max-video-preview:-1"},"canonical":"https:\/\/zlatarna-kolatahi.com\/?page_id=1863","og_locale":"sl_SI","og_type":"article","og_title":"Storitve - Zlatarna Kolatahi","og_description":"Zlatarstvo \u2022 Popravila \u2022 Obnova nakita \u2022 Graviranje \u2022 Odkup zlata V Zlatarni Kolatahi nudimo strokovne zlatarske storitve z veliko [&hellip;]","og_url":"https:\/\/zlatarna-kolatahi.com\/?page_id=1863","og_site_name":"Zlatarna Kolatahi","article_modified_time":"2026-04-07T19:48:33+00:00","twitter_card":"summary_large_image","twitter_misc":{"Est. reading time":"3 minute"},"schema":{"@context":"https:\/\/schema.org","@graph":[{"@type":"WebPage","@id":"https:\/\/zlatarna-kolatahi.com\/?page_id=1863","url":"https:\/\/zlatarna-kolatahi.com\/?page_id=1863","name":"Storitve - Zlatarna Kolatahi","isPartOf":{"@id":"https:\/\/zlatarna-kolatahi.com\/#website"},"datePublished":"2025-11-29T12:03:44+00:00","dateModified":"2026-04-07T19:48:33+00:00","breadcrumb":{"@id":"https:\/\/zlatarna-kolatahi.com\/?page_id=1863#breadcrumb"},"inLanguage":"sl-SI","potentialAction":[{"@type":"ReadAction","target":["https:\/\/zlatarna-kolatahi.com\/?page_id=1863"]}]},{"@type":"BreadcrumbList","@id":"https:\/\/zlatarna-kolatahi.com\/?page_id=1863#breadcrumb","itemListElement":[{"@type":"ListItem","position":1,"name":"Home","item":"https:\/\/zlatarna-kolatahi.com\/"},{"@type":"ListItem","position":2,"name":"Storitve"}]},{"@type":"WebSite","@id":"https:\/\/zlatarna-kolatahi.com\/#website","url":"https:\/\/zlatarna-kolatahi.com\/","name":"Zlatarna Kolatahi","description":"","publisher":{"@id":"https:\/\/zlatarna-kolatahi.com\/#organization"},"potentialAction":[{"@type":"SearchAction","target":{"@type":"EntryPoint","urlTemplate":"https:\/\/zlatarna-kolatahi.com\/?s={search_term_string}"},"query-input":{"@type":"PropertyValueSpecification","valueRequired":true,"valueName":"search_term_string"}}],"inLanguage":"sl-SI"},{"@type":"Organization","@id":"https:\/\/zlatarna-kolatahi.com\/#organization","name":"Zlatarna Kolatahi","url":"https:\/\/zlatarna-kolatahi.com\/","logo":{"@type":"ImageObject","inLanguage":"sl-SI","@id":"https:\/\/zlatarna-kolatahi.com\/#\/schema\/logo\/image\/","url":"https:\/\/zlatarna-kolatahi.com\/wp-content\/uploads\/2026\/01\/cropped-cropped-Posnetek_zaslona_2026-01-17_123852-removebg-preview.png","contentUrl":"https:\/\/zlatarna-kolatahi.com\/wp-content\/uploads\/2026\/01\/cropped-cropped-Posnetek_zaslona_2026-01-17_123852-removebg-preview.png","width":512,"height":512,"caption":"Zlatarna Kolatahi"},"image":{"@id":"https:\/\/zlatarna-kolatahi.com\/#\/schema\/logo\/image\/"}}]}},"_hostinger_reach_plugin_has_subscription_block":false,"_hostinger_reach_plugin_is_elementor":false,"jetpack_sharing_enabled":true,"jetpack_shortlink":"https:\/\/wp.me\/Ph5sR2-u3","_links":{"self":[{"href":"https:\/\/zlatarna-kolatahi.com\/index.php?rest_route=\/wp\/v2\/pages\/1863","targetHints":{"allow":["GET"]}}],"collection":[{"href":"https:\/\/zlatarna-kolatahi.com\/index.php?rest_route=\/wp\/v2\/pages"}],"about":[{"href":"https:\/\/zlatarna-kolatahi.com\/index.php?rest_route=\/wp\/v2\/types\/page"}],"author":[{"embeddable":true,"href":"https:\/\/zlatarna-kolatahi.com\/index.php?rest_route=\/wp\/v2\/users\/1"}],"replies":[{"embeddable":true,"href":"https:\/\/zlatarna-kolatahi.com\/index.php?rest_route=%2Fwp%2Fv2%2Fcomments&post=1863"}],"version-history":[{"count":39,"href":"https:\/\/zlatarna-kolatahi.com\/index.php?rest_route=\/wp\/v2\/pages\/1863\/revisions"}],"predecessor-version":[{"id":3690,"href":"https:\/\/zlatarna-kolatahi.com\/index.php?rest_route=\/wp\/v2\/pages\/1863\/revisions\/3690"}],"wp:attachment":[{"href":"https:\/\/zlatarna-kolatahi.com\/index.php?rest_route=%2Fwp%2Fv2%2Fmedia&parent=1863"}],"curies":[{"name":"wp","href":"https:\/\/api.w.org\/{rel}","templated":true}]}}