{"id":1773,"date":"2025-11-24T19:29:15","date_gmt":"2025-11-24T19:29:15","guid":{"rendered":"https:\/\/lightpink-duck-199951.hostingersite.com\/index.php\/product\/uhani-z-barvnimi-kristali\/"},"modified":"2026-05-15T19:38:11","modified_gmt":"2026-05-15T19:38:11","slug":"uhani-z-barvnimi-kristali","status":"publish","type":"product","link":"https:\/\/zlatarna-kolatahi.com\/?product=uhani-z-barvnimi-kristali","title":{"rendered":"Uhani iz srebra"},"content":{"rendered":"<p>Izstopajte z ne\u017eno eleganco teh srebrnih uhanov. Njihov sijaj in prefinjena oblika ustvarjata ob\u010dutek luksuza in romantike. Popolni za posebne prilo\u017enosti ali za popestritev vsakdanjega stila. Darilo, ki bo razveselilo vsakogar, ki ceni prefinjenost in kakovost.<\/p>\n","protected":false},"excerpt":{"rendered":"<p>Modni srebrni uhani, ki zdru\u017eujejo eleganco in udobje. Preprosti, a popolni dodatek za vsak stil.<\/p>\n","protected":false},"featured_media":2748,"comment_status":"open","ping_status":"closed","template":"","meta":[],"product_brand":[],"product_cat":[52,99,57],"product_tag":[96,115,117,95,94,36],"class_list":{"0":"post-1773","1":"product","2":"type-product","3":"status-publish","4":"has-post-thumbnail","6":"product_cat-srebro","7":"product_cat-uhani-2","8":"product_cat-uhani-srebro","9":"product_tag-argento","10":"product_tag-earring","11":"product_tag-orecchini","12":"product_tag-silver","13":"product_tag-srebro","14":"product_tag-uhan","16":"first","17":"instock","18":"taxable","19":"shipping-taxable","20":"purchasable","21":"product-type-variable"},"yoast_head":"<!-- This site is optimized with the Yoast SEO plugin v27.6 - https:\/\/yoast.com\/product\/yoast-seo-wordpress\/ -->\n<title>Uhani iz srebra - Zlatarna Kolatahi<\/title>\n<meta name=\"description\" content=\"Poglejte si na\u0161o kolekcijo raznovrstnih izdelkov na na\u0161i spletni strani, vse od zapestnic in prtanov, do veri\u017eic in uhanov.Zlatarna Kolatahi.\" \/>\n<meta name=\"robots\" content=\"index, follow, max-snippet:-1, max-image-preview:large, max-video-preview:-1\" \/>\n<link rel=\"canonical\" href=\"https:\/\/zlatarna-kolatahi.com\/?product=uhani-z-barvnimi-kristali\" \/>\n<meta property=\"og:locale\" content=\"sl_SI\" \/>\n<meta property=\"og:type\" content=\"article\" \/>\n<meta property=\"og:title\" content=\"Uhani iz srebra - Zlatarna Kolatahi\" \/>\n<meta property=\"og:description\" content=\"Poglejte si na\u0161o kolekcijo raznovrstnih izdelkov na na\u0161i spletni strani, vse od zapestnic in prtanov, do veri\u017eic in uhanov.Zlatarna Kolatahi.\" \/>\n<meta property=\"og:url\" content=\"https:\/\/zlatarna-kolatahi.com\/?product=uhani-z-barvnimi-kristali\" \/>\n<meta property=\"og:site_name\" content=\"Zlatarna Kolatahi\" \/>\n<meta property=\"article:modified_time\" content=\"2026-05-15T19:38:11+00:00\" \/>\n<meta property=\"og:image\" content=\"https:\/\/zlatarna-kolatahi.com\/wp-content\/uploads\/2025\/12\/uhani_srebro3-scaled-e1772450925792.png\" \/>\n\t<meta property=\"og:image:width\" content=\"1920\" \/>\n\t<meta property=\"og:image:height\" content=\"1840\" \/>\n\t<meta property=\"og:image:type\" content=\"image\/png\" \/>\n<meta name=\"twitter:card\" content=\"summary_large_image\" \/>\n<meta name=\"twitter:label1\" content=\"Est. reading time\" \/>\n\t<meta name=\"twitter:data1\" content=\"1 minuta\" \/>\n<script type=\"application\/ld+json\" class=\"yoast-schema-graph\">{\"@context\":\"https:\\\/\\\/schema.org\",\"@graph\":[{\"@type\":\"WebPage\",\"@id\":\"https:\\\/\\\/zlatarna-kolatahi.com\\\/?product=uhani-z-barvnimi-kristali\",\"url\":\"https:\\\/\\\/zlatarna-kolatahi.com\\\/?product=uhani-z-barvnimi-kristali\",\"name\":\"Uhani iz srebra - Zlatarna Kolatahi\",\"isPartOf\":{\"@id\":\"https:\\\/\\\/zlatarna-kolatahi.com\\\/#website\"},\"primaryImageOfPage\":{\"@id\":\"https:\\\/\\\/zlatarna-kolatahi.com\\\/?product=uhani-z-barvnimi-kristali#primaryimage\"},\"image\":{\"@id\":\"https:\\\/\\\/zlatarna-kolatahi.com\\\/?product=uhani-z-barvnimi-kristali#primaryimage\"},\"thumbnailUrl\":\"https:\\\/\\\/i0.wp.com\\\/zlatarna-kolatahi.com\\\/wp-content\\\/uploads\\\/2025\\\/12\\\/uhani_srebro3-scaled-e1772450925792.png?fit=1920%2C1840&ssl=1\",\"datePublished\":\"2025-11-24T19:29:15+00:00\",\"dateModified\":\"2026-05-15T19:38:11+00:00\",\"description\":\"Poglejte si na\u0161o kolekcijo raznovrstnih izdelkov na na\u0161i spletni strani, vse od zapestnic in prtanov, do veri\u017eic in uhanov.Zlatarna Kolatahi.\",\"breadcrumb\":{\"@id\":\"https:\\\/\\\/zlatarna-kolatahi.com\\\/?product=uhani-z-barvnimi-kristali#breadcrumb\"},\"inLanguage\":\"sl-SI\",\"potentialAction\":[{\"@type\":\"ReadAction\",\"target\":[\"https:\\\/\\\/zlatarna-kolatahi.com\\\/?product=uhani-z-barvnimi-kristali\"]}]},{\"@type\":\"ImageObject\",\"inLanguage\":\"sl-SI\",\"@id\":\"https:\\\/\\\/zlatarna-kolatahi.com\\\/?product=uhani-z-barvnimi-kristali#primaryimage\",\"url\":\"https:\\\/\\\/i0.wp.com\\\/zlatarna-kolatahi.com\\\/wp-content\\\/uploads\\\/2025\\\/12\\\/uhani_srebro3-scaled-e1772450925792.png?fit=1920%2C1840&ssl=1\",\"contentUrl\":\"https:\\\/\\\/i0.wp.com\\\/zlatarna-kolatahi.com\\\/wp-content\\\/uploads\\\/2025\\\/12\\\/uhani_srebro3-scaled-e1772450925792.png?fit=1920%2C1840&ssl=1\",\"width\":1920,\"height\":1840,\"caption\":\"Srebrni uhani\"},{\"@type\":\"BreadcrumbList\",\"@id\":\"https:\\\/\\\/zlatarna-kolatahi.com\\\/?product=uhani-z-barvnimi-kristali#breadcrumb\",\"itemListElement\":[{\"@type\":\"ListItem\",\"position\":1,\"name\":\"Home\",\"item\":\"https:\\\/\\\/zlatarna-kolatahi.com\\\/\"},{\"@type\":\"ListItem\",\"position\":2,\"name\":\"Trgovina\",\"item\":\"https:\\\/\\\/zlatarna-kolatahi.com\\\/?page_id=11\"},{\"@type\":\"ListItem\",\"position\":3,\"name\":\"Uhani iz srebra\"}]},{\"@type\":\"WebSite\",\"@id\":\"https:\\\/\\\/zlatarna-kolatahi.com\\\/#website\",\"url\":\"https:\\\/\\\/zlatarna-kolatahi.com\\\/\",\"name\":\"Zlatarna Kolatahi\",\"description\":\"\",\"publisher\":{\"@id\":\"https:\\\/\\\/zlatarna-kolatahi.com\\\/#organization\"},\"potentialAction\":[{\"@type\":\"SearchAction\",\"target\":{\"@type\":\"EntryPoint\",\"urlTemplate\":\"https:\\\/\\\/zlatarna-kolatahi.com\\\/?s={search_term_string}\"},\"query-input\":{\"@type\":\"PropertyValueSpecification\",\"valueRequired\":true,\"valueName\":\"search_term_string\"}}],\"inLanguage\":\"sl-SI\"},{\"@type\":\"Organization\",\"@id\":\"https:\\\/\\\/zlatarna-kolatahi.com\\\/#organization\",\"name\":\"Zlatarna Kolatahi\",\"url\":\"https:\\\/\\\/zlatarna-kolatahi.com\\\/\",\"logo\":{\"@type\":\"ImageObject\",\"inLanguage\":\"sl-SI\",\"@id\":\"https:\\\/\\\/zlatarna-kolatahi.com\\\/#\\\/schema\\\/logo\\\/image\\\/\",\"url\":\"https:\\\/\\\/zlatarna-kolatahi.com\\\/wp-content\\\/uploads\\\/2026\\\/01\\\/cropped-cropped-Posnetek_zaslona_2026-01-17_123852-removebg-preview.png\",\"contentUrl\":\"https:\\\/\\\/zlatarna-kolatahi.com\\\/wp-content\\\/uploads\\\/2026\\\/01\\\/cropped-cropped-Posnetek_zaslona_2026-01-17_123852-removebg-preview.png\",\"width\":512,\"height\":512,\"caption\":\"Zlatarna Kolatahi\"},\"image\":{\"@id\":\"https:\\\/\\\/zlatarna-kolatahi.com\\\/#\\\/schema\\\/logo\\\/image\\\/\"}}]}<\/script>\n<!-- \/ Yoast SEO plugin. -->","yoast_head_json":{"title":"Uhani iz srebra - Zlatarna Kolatahi","description":"Poglejte si na\u0161o kolekcijo raznovrstnih izdelkov na na\u0161i spletni strani, vse od zapestnic in prtanov, do veri\u017eic in uhanov.Zlatarna Kolatahi.","robots":{"index":"index","follow":"follow","max-snippet":"max-snippet:-1","max-image-preview":"max-image-preview:large","max-video-preview":"max-video-preview:-1"},"canonical":"https:\/\/zlatarna-kolatahi.com\/?product=uhani-z-barvnimi-kristali","og_locale":"sl_SI","og_type":"article","og_title":"Uhani iz srebra - Zlatarna Kolatahi","og_description":"Poglejte si na\u0161o kolekcijo raznovrstnih izdelkov na na\u0161i spletni strani, vse od zapestnic in prtanov, do veri\u017eic in uhanov.Zlatarna Kolatahi.","og_url":"https:\/\/zlatarna-kolatahi.com\/?product=uhani-z-barvnimi-kristali","og_site_name":"Zlatarna Kolatahi","article_modified_time":"2026-05-15T19:38:11+00:00","og_image":[{"width":1920,"height":1840,"url":"https:\/\/zlatarna-kolatahi.com\/wp-content\/uploads\/2025\/12\/uhani_srebro3-scaled-e1772450925792.png","type":"image\/png"}],"twitter_card":"summary_large_image","twitter_misc":{"Est. reading time":"1 minuta"},"schema":{"@context":"https:\/\/schema.org","@graph":[{"@type":"WebPage","@id":"https:\/\/zlatarna-kolatahi.com\/?product=uhani-z-barvnimi-kristali","url":"https:\/\/zlatarna-kolatahi.com\/?product=uhani-z-barvnimi-kristali","name":"Uhani iz srebra - Zlatarna Kolatahi","isPartOf":{"@id":"https:\/\/zlatarna-kolatahi.com\/#website"},"primaryImageOfPage":{"@id":"https:\/\/zlatarna-kolatahi.com\/?product=uhani-z-barvnimi-kristali#primaryimage"},"image":{"@id":"https:\/\/zlatarna-kolatahi.com\/?product=uhani-z-barvnimi-kristali#primaryimage"},"thumbnailUrl":"https:\/\/i0.wp.com\/zlatarna-kolatahi.com\/wp-content\/uploads\/2025\/12\/uhani_srebro3-scaled-e1772450925792.png?fit=1920%2C1840&ssl=1","datePublished":"2025-11-24T19:29:15+00:00","dateModified":"2026-05-15T19:38:11+00:00","description":"Poglejte si na\u0161o kolekcijo raznovrstnih izdelkov na na\u0161i spletni strani, vse od zapestnic in prtanov, do veri\u017eic in uhanov.Zlatarna Kolatahi.","breadcrumb":{"@id":"https:\/\/zlatarna-kolatahi.com\/?product=uhani-z-barvnimi-kristali#breadcrumb"},"inLanguage":"sl-SI","potentialAction":[{"@type":"ReadAction","target":["https:\/\/zlatarna-kolatahi.com\/?product=uhani-z-barvnimi-kristali"]}]},{"@type":"ImageObject","inLanguage":"sl-SI","@id":"https:\/\/zlatarna-kolatahi.com\/?product=uhani-z-barvnimi-kristali#primaryimage","url":"https:\/\/i0.wp.com\/zlatarna-kolatahi.com\/wp-content\/uploads\/2025\/12\/uhani_srebro3-scaled-e1772450925792.png?fit=1920%2C1840&ssl=1","contentUrl":"https:\/\/i0.wp.com\/zlatarna-kolatahi.com\/wp-content\/uploads\/2025\/12\/uhani_srebro3-scaled-e1772450925792.png?fit=1920%2C1840&ssl=1","width":1920,"height":1840,"caption":"Srebrni uhani"},{"@type":"BreadcrumbList","@id":"https:\/\/zlatarna-kolatahi.com\/?product=uhani-z-barvnimi-kristali#breadcrumb","itemListElement":[{"@type":"ListItem","position":1,"name":"Home","item":"https:\/\/zlatarna-kolatahi.com\/"},{"@type":"ListItem","position":2,"name":"Trgovina","item":"https:\/\/zlatarna-kolatahi.com\/?page_id=11"},{"@type":"ListItem","position":3,"name":"Uhani iz srebra"}]},{"@type":"WebSite","@id":"https:\/\/zlatarna-kolatahi.com\/#website","url":"https:\/\/zlatarna-kolatahi.com\/","name":"Zlatarna Kolatahi","description":"","publisher":{"@id":"https:\/\/zlatarna-kolatahi.com\/#organization"},"potentialAction":[{"@type":"SearchAction","target":{"@type":"EntryPoint","urlTemplate":"https:\/\/zlatarna-kolatahi.com\/?s={search_term_string}"},"query-input":{"@type":"PropertyValueSpecification","valueRequired":true,"valueName":"search_term_string"}}],"inLanguage":"sl-SI"},{"@type":"Organization","@id":"https:\/\/zlatarna-kolatahi.com\/#organization","name":"Zlatarna Kolatahi","url":"https:\/\/zlatarna-kolatahi.com\/","logo":{"@type":"ImageObject","inLanguage":"sl-SI","@id":"https:\/\/zlatarna-kolatahi.com\/#\/schema\/logo\/image\/","url":"https:\/\/zlatarna-kolatahi.com\/wp-content\/uploads\/2026\/01\/cropped-cropped-Posnetek_zaslona_2026-01-17_123852-removebg-preview.png","contentUrl":"https:\/\/zlatarna-kolatahi.com\/wp-content\/uploads\/2026\/01\/cropped-cropped-Posnetek_zaslona_2026-01-17_123852-removebg-preview.png","width":512,"height":512,"caption":"Zlatarna Kolatahi"},"image":{"@id":"https:\/\/zlatarna-kolatahi.com\/#\/schema\/logo\/image\/"}}]}},"jetpack_sharing_enabled":true,"_links":{"self":[{"href":"https:\/\/zlatarna-kolatahi.com\/index.php?rest_route=\/wp\/v2\/product\/1773","targetHints":{"allow":["GET"]}}],"collection":[{"href":"https:\/\/zlatarna-kolatahi.com\/index.php?rest_route=\/wp\/v2\/product"}],"about":[{"href":"https:\/\/zlatarna-kolatahi.com\/index.php?rest_route=\/wp\/v2\/types\/product"}],"replies":[{"embeddable":true,"href":"https:\/\/zlatarna-kolatahi.com\/index.php?rest_route=%2Fwp%2Fv2%2Fcomments&post=1773"}],"wp:featuredmedia":[{"embeddable":true,"href":"https:\/\/zlatarna-kolatahi.com\/index.php?rest_route=\/wp\/v2\/media\/2748"}],"wp:attachment":[{"href":"https:\/\/zlatarna-kolatahi.com\/index.php?rest_route=%2Fwp%2Fv2%2Fmedia&parent=1773"}],"wp:term":[{"taxonomy":"product_brand","embeddable":true,"href":"https:\/\/zlatarna-kolatahi.com\/index.php?rest_route=%2Fwp%2Fv2%2Fproduct_brand&post=1773"},{"taxonomy":"product_cat","embeddable":true,"href":"https:\/\/zlatarna-kolatahi.com\/index.php?rest_route=%2Fwp%2Fv2%2Fproduct_cat&post=1773"},{"taxonomy":"product_tag","embeddable":true,"href":"https:\/\/zlatarna-kolatahi.com\/index.php?rest_route=%2Fwp%2Fv2%2Fproduct_tag&post=1773"}],"curies":[{"name":"wp","href":"https:\/\/api.w.org\/{rel}","templated":true}]}}