{"id":1778,"date":"2025-11-24T19:29:17","date_gmt":"2025-11-24T19:29:17","guid":{"rendered":"https:\/\/lightpink-duck-199951.hostingersite.com\/index.php\/product\/zapestnica-s-kovinskimi-trakovi\/"},"modified":"2026-05-15T19:38:10","modified_gmt":"2026-05-15T19:38:10","slug":"zapestnica-iz-jeka","status":"publish","type":"product","link":"https:\/\/zlatarna-kolatahi.com\/?product=zapestnica-iz-jeka","title":{"rendered":"Zapestnica iz jekla"},"content":{"rendered":"<p>Trpe\u017ena jeklena zapestnica, ki zdru\u017euje mo\u010d in eleganco. Idealna za mo\u0161ke, ki i\u0161\u010dejo minimalisti\u010den, a izrazit dodatek. S svojim robustnim, a prefinjenim dizajnom pritegne poglede, hkrati pa je udobna za vsakodnevno no\u0161enje. Odporna proti praskam in obrabi, bo spremljala va\u0161 slog dlje \u010dasa. Popolna izbira za tiste, ki cenijo kakovost in trajnost.<\/p>\n","protected":false},"excerpt":{"rendered":"<p>Sodobna jeklena zapestnica, ki zdru\u017euje trpe\u017enost in eleganten videz.<\/p>\n","protected":false},"featured_media":2737,"comment_status":"open","ping_status":"closed","template":"","meta":[],"product_brand":[],"product_cat":[53,100,60],"product_tag":[93,91,92,35],"class_list":{"0":"post-1778","1":"product","2":"type-product","3":"status-publish","4":"has-post-thumbnail","6":"product_cat-nerjavece-jeklo","7":"product_cat-zapestnica-2","8":"product_cat-zapestnica-jeklo","9":"product_tag-acciaio-inox","10":"product_tag-nerjavece-jeklo","11":"product_tag-stainless-steel","12":"product_tag-zapestnica","14":"first","15":"instock","16":"taxable","17":"shipping-taxable","18":"purchasable","19":"product-type-simple"},"yoast_head":"<!-- This site is optimized with the Yoast SEO plugin v27.6 - https:\/\/yoast.com\/product\/yoast-seo-wordpress\/ -->\n<title>Zapestnica iz jekla - Zlatarna Kolatahi, Sodobna in elegantna jeklena zapestnica<\/title>\n<meta name=\"description\" content=\"Trpe\u017ena jeklena zapestnica, ki zdru\u017euje mo\u010d in eleganco. Idealna za mo\u0161ke, ki i\u0161\u010dejo minimalisti\u010den, a izrazit dodatek. Elegantna in prefinjena zapestnica\" \/>\n<meta name=\"robots\" content=\"index, follow, max-snippet:-1, max-image-preview:large, max-video-preview:-1\" \/>\n<link rel=\"canonical\" href=\"https:\/\/zlatarna-kolatahi.com\/?product=zapestnica-iz-jeka\" \/>\n<meta property=\"og:locale\" content=\"sl_SI\" \/>\n<meta property=\"og:type\" content=\"article\" \/>\n<meta property=\"og:title\" content=\"Zapestnica iz jekla - Zlatarna Kolatahi, Sodobna in elegantna jeklena zapestnica\" \/>\n<meta property=\"og:description\" content=\"Trpe\u017ena jeklena zapestnica, ki zdru\u017euje mo\u010d in eleganco. Idealna za mo\u0161ke, ki i\u0161\u010dejo minimalisti\u010den, a izrazit dodatek. Elegantna in prefinjena zapestnica\" \/>\n<meta property=\"og:url\" content=\"https:\/\/zlatarna-kolatahi.com\/?product=zapestnica-iz-jeka\" \/>\n<meta property=\"og:site_name\" content=\"Zlatarna Kolatahi\" \/>\n<meta property=\"article:modified_time\" content=\"2026-05-15T19:38:10+00:00\" \/>\n<meta property=\"og:image\" content=\"https:\/\/zlatarna-kolatahi.com\/wp-content\/uploads\/2025\/11\/zapstnica_jeklo_1-scaled-e1772450710202-600x515.png\" \/>\n\t<meta property=\"og:image:width\" content=\"600\" \/>\n\t<meta property=\"og:image:height\" content=\"515\" \/>\n\t<meta property=\"og:image:type\" content=\"image\/png\" \/>\n<meta name=\"twitter:card\" content=\"summary_large_image\" \/>\n<meta name=\"twitter:label1\" content=\"Est. reading time\" \/>\n\t<meta name=\"twitter:data1\" content=\"1 minuta\" \/>\n<script type=\"application\/ld+json\" class=\"yoast-schema-graph\">{\"@context\":\"https:\\\/\\\/schema.org\",\"@graph\":[{\"@type\":\"WebPage\",\"@id\":\"https:\\\/\\\/zlatarna-kolatahi.com\\\/?product=zapestnica-iz-jeka\",\"url\":\"https:\\\/\\\/zlatarna-kolatahi.com\\\/?product=zapestnica-iz-jeka\",\"name\":\"Zapestnica iz jekla - Zlatarna Kolatahi, Sodobna in elegantna jeklena zapestnica\",\"isPartOf\":{\"@id\":\"https:\\\/\\\/zlatarna-kolatahi.com\\\/#website\"},\"primaryImageOfPage\":{\"@id\":\"https:\\\/\\\/zlatarna-kolatahi.com\\\/?product=zapestnica-iz-jeka#primaryimage\"},\"image\":{\"@id\":\"https:\\\/\\\/zlatarna-kolatahi.com\\\/?product=zapestnica-iz-jeka#primaryimage\"},\"thumbnailUrl\":\"https:\\\/\\\/i0.wp.com\\\/zlatarna-kolatahi.com\\\/wp-content\\\/uploads\\\/2025\\\/11\\\/zapstnica_jeklo_1-scaled-e1772450710202.png?fit=1920%2C1647&ssl=1\",\"datePublished\":\"2025-11-24T19:29:17+00:00\",\"dateModified\":\"2026-05-15T19:38:10+00:00\",\"description\":\"Trpe\u017ena jeklena zapestnica, ki zdru\u017euje mo\u010d in eleganco. Idealna za mo\u0161ke, ki i\u0161\u010dejo minimalisti\u010den, a izrazit dodatek. Elegantna in prefinjena zapestnica\",\"breadcrumb\":{\"@id\":\"https:\\\/\\\/zlatarna-kolatahi.com\\\/?product=zapestnica-iz-jeka#breadcrumb\"},\"inLanguage\":\"sl-SI\",\"potentialAction\":[{\"@type\":\"ReadAction\",\"target\":[\"https:\\\/\\\/zlatarna-kolatahi.com\\\/?product=zapestnica-iz-jeka\"]}]},{\"@type\":\"ImageObject\",\"inLanguage\":\"sl-SI\",\"@id\":\"https:\\\/\\\/zlatarna-kolatahi.com\\\/?product=zapestnica-iz-jeka#primaryimage\",\"url\":\"https:\\\/\\\/i0.wp.com\\\/zlatarna-kolatahi.com\\\/wp-content\\\/uploads\\\/2025\\\/11\\\/zapstnica_jeklo_1-scaled-e1772450710202.png?fit=1920%2C1647&ssl=1\",\"contentUrl\":\"https:\\\/\\\/i0.wp.com\\\/zlatarna-kolatahi.com\\\/wp-content\\\/uploads\\\/2025\\\/11\\\/zapstnica_jeklo_1-scaled-e1772450710202.png?fit=1920%2C1647&ssl=1\",\"width\":1920,\"height\":1647,\"caption\":\"Zapestnica iz jekla\"},{\"@type\":\"BreadcrumbList\",\"@id\":\"https:\\\/\\\/zlatarna-kolatahi.com\\\/?product=zapestnica-iz-jeka#breadcrumb\",\"itemListElement\":[{\"@type\":\"ListItem\",\"position\":1,\"name\":\"Home\",\"item\":\"https:\\\/\\\/zlatarna-kolatahi.com\\\/\"},{\"@type\":\"ListItem\",\"position\":2,\"name\":\"Trgovina\",\"item\":\"https:\\\/\\\/zlatarna-kolatahi.com\\\/?page_id=11\"},{\"@type\":\"ListItem\",\"position\":3,\"name\":\"Zapestnica iz jekla\"}]},{\"@type\":\"WebSite\",\"@id\":\"https:\\\/\\\/zlatarna-kolatahi.com\\\/#website\",\"url\":\"https:\\\/\\\/zlatarna-kolatahi.com\\\/\",\"name\":\"Zlatarna Kolatahi\",\"description\":\"\",\"publisher\":{\"@id\":\"https:\\\/\\\/zlatarna-kolatahi.com\\\/#organization\"},\"potentialAction\":[{\"@type\":\"SearchAction\",\"target\":{\"@type\":\"EntryPoint\",\"urlTemplate\":\"https:\\\/\\\/zlatarna-kolatahi.com\\\/?s={search_term_string}\"},\"query-input\":{\"@type\":\"PropertyValueSpecification\",\"valueRequired\":true,\"valueName\":\"search_term_string\"}}],\"inLanguage\":\"sl-SI\"},{\"@type\":\"Organization\",\"@id\":\"https:\\\/\\\/zlatarna-kolatahi.com\\\/#organization\",\"name\":\"Zlatarna Kolatahi\",\"url\":\"https:\\\/\\\/zlatarna-kolatahi.com\\\/\",\"logo\":{\"@type\":\"ImageObject\",\"inLanguage\":\"sl-SI\",\"@id\":\"https:\\\/\\\/zlatarna-kolatahi.com\\\/#\\\/schema\\\/logo\\\/image\\\/\",\"url\":\"https:\\\/\\\/zlatarna-kolatahi.com\\\/wp-content\\\/uploads\\\/2026\\\/01\\\/cropped-cropped-Posnetek_zaslona_2026-01-17_123852-removebg-preview.png\",\"contentUrl\":\"https:\\\/\\\/zlatarna-kolatahi.com\\\/wp-content\\\/uploads\\\/2026\\\/01\\\/cropped-cropped-Posnetek_zaslona_2026-01-17_123852-removebg-preview.png\",\"width\":512,\"height\":512,\"caption\":\"Zlatarna Kolatahi\"},\"image\":{\"@id\":\"https:\\\/\\\/zlatarna-kolatahi.com\\\/#\\\/schema\\\/logo\\\/image\\\/\"}}]}<\/script>\n<!-- \/ Yoast SEO plugin. -->","yoast_head_json":{"title":"Zapestnica iz jekla - Zlatarna Kolatahi, Sodobna in elegantna jeklena zapestnica","description":"Trpe\u017ena jeklena zapestnica, ki zdru\u017euje mo\u010d in eleganco. Idealna za mo\u0161ke, ki i\u0161\u010dejo minimalisti\u010den, a izrazit dodatek. Elegantna in prefinjena zapestnica","robots":{"index":"index","follow":"follow","max-snippet":"max-snippet:-1","max-image-preview":"max-image-preview:large","max-video-preview":"max-video-preview:-1"},"canonical":"https:\/\/zlatarna-kolatahi.com\/?product=zapestnica-iz-jeka","og_locale":"sl_SI","og_type":"article","og_title":"Zapestnica iz jekla - Zlatarna Kolatahi, Sodobna in elegantna jeklena zapestnica","og_description":"Trpe\u017ena jeklena zapestnica, ki zdru\u017euje mo\u010d in eleganco. Idealna za mo\u0161ke, ki i\u0161\u010dejo minimalisti\u010den, a izrazit dodatek. Elegantna in prefinjena zapestnica","og_url":"https:\/\/zlatarna-kolatahi.com\/?product=zapestnica-iz-jeka","og_site_name":"Zlatarna Kolatahi","article_modified_time":"2026-05-15T19:38:10+00:00","og_image":[{"width":600,"height":515,"url":"https:\/\/zlatarna-kolatahi.com\/wp-content\/uploads\/2025\/11\/zapstnica_jeklo_1-scaled-e1772450710202-600x515.png","type":"image\/png"}],"twitter_card":"summary_large_image","twitter_misc":{"Est. reading time":"1 minuta"},"schema":{"@context":"https:\/\/schema.org","@graph":[{"@type":"WebPage","@id":"https:\/\/zlatarna-kolatahi.com\/?product=zapestnica-iz-jeka","url":"https:\/\/zlatarna-kolatahi.com\/?product=zapestnica-iz-jeka","name":"Zapestnica iz jekla - Zlatarna Kolatahi, Sodobna in elegantna jeklena zapestnica","isPartOf":{"@id":"https:\/\/zlatarna-kolatahi.com\/#website"},"primaryImageOfPage":{"@id":"https:\/\/zlatarna-kolatahi.com\/?product=zapestnica-iz-jeka#primaryimage"},"image":{"@id":"https:\/\/zlatarna-kolatahi.com\/?product=zapestnica-iz-jeka#primaryimage"},"thumbnailUrl":"https:\/\/i0.wp.com\/zlatarna-kolatahi.com\/wp-content\/uploads\/2025\/11\/zapstnica_jeklo_1-scaled-e1772450710202.png?fit=1920%2C1647&ssl=1","datePublished":"2025-11-24T19:29:17+00:00","dateModified":"2026-05-15T19:38:10+00:00","description":"Trpe\u017ena jeklena zapestnica, ki zdru\u017euje mo\u010d in eleganco. Idealna za mo\u0161ke, ki i\u0161\u010dejo minimalisti\u010den, a izrazit dodatek. Elegantna in prefinjena zapestnica","breadcrumb":{"@id":"https:\/\/zlatarna-kolatahi.com\/?product=zapestnica-iz-jeka#breadcrumb"},"inLanguage":"sl-SI","potentialAction":[{"@type":"ReadAction","target":["https:\/\/zlatarna-kolatahi.com\/?product=zapestnica-iz-jeka"]}]},{"@type":"ImageObject","inLanguage":"sl-SI","@id":"https:\/\/zlatarna-kolatahi.com\/?product=zapestnica-iz-jeka#primaryimage","url":"https:\/\/i0.wp.com\/zlatarna-kolatahi.com\/wp-content\/uploads\/2025\/11\/zapstnica_jeklo_1-scaled-e1772450710202.png?fit=1920%2C1647&ssl=1","contentUrl":"https:\/\/i0.wp.com\/zlatarna-kolatahi.com\/wp-content\/uploads\/2025\/11\/zapstnica_jeklo_1-scaled-e1772450710202.png?fit=1920%2C1647&ssl=1","width":1920,"height":1647,"caption":"Zapestnica iz jekla"},{"@type":"BreadcrumbList","@id":"https:\/\/zlatarna-kolatahi.com\/?product=zapestnica-iz-jeka#breadcrumb","itemListElement":[{"@type":"ListItem","position":1,"name":"Home","item":"https:\/\/zlatarna-kolatahi.com\/"},{"@type":"ListItem","position":2,"name":"Trgovina","item":"https:\/\/zlatarna-kolatahi.com\/?page_id=11"},{"@type":"ListItem","position":3,"name":"Zapestnica iz jekla"}]},{"@type":"WebSite","@id":"https:\/\/zlatarna-kolatahi.com\/#website","url":"https:\/\/zlatarna-kolatahi.com\/","name":"Zlatarna Kolatahi","description":"","publisher":{"@id":"https:\/\/zlatarna-kolatahi.com\/#organization"},"potentialAction":[{"@type":"SearchAction","target":{"@type":"EntryPoint","urlTemplate":"https:\/\/zlatarna-kolatahi.com\/?s={search_term_string}"},"query-input":{"@type":"PropertyValueSpecification","valueRequired":true,"valueName":"search_term_string"}}],"inLanguage":"sl-SI"},{"@type":"Organization","@id":"https:\/\/zlatarna-kolatahi.com\/#organization","name":"Zlatarna Kolatahi","url":"https:\/\/zlatarna-kolatahi.com\/","logo":{"@type":"ImageObject","inLanguage":"sl-SI","@id":"https:\/\/zlatarna-kolatahi.com\/#\/schema\/logo\/image\/","url":"https:\/\/zlatarna-kolatahi.com\/wp-content\/uploads\/2026\/01\/cropped-cropped-Posnetek_zaslona_2026-01-17_123852-removebg-preview.png","contentUrl":"https:\/\/zlatarna-kolatahi.com\/wp-content\/uploads\/2026\/01\/cropped-cropped-Posnetek_zaslona_2026-01-17_123852-removebg-preview.png","width":512,"height":512,"caption":"Zlatarna Kolatahi"},"image":{"@id":"https:\/\/zlatarna-kolatahi.com\/#\/schema\/logo\/image\/"}}]}},"jetpack_sharing_enabled":true,"_links":{"self":[{"href":"https:\/\/zlatarna-kolatahi.com\/index.php?rest_route=\/wp\/v2\/product\/1778","targetHints":{"allow":["GET"]}}],"collection":[{"href":"https:\/\/zlatarna-kolatahi.com\/index.php?rest_route=\/wp\/v2\/product"}],"about":[{"href":"https:\/\/zlatarna-kolatahi.com\/index.php?rest_route=\/wp\/v2\/types\/product"}],"replies":[{"embeddable":true,"href":"https:\/\/zlatarna-kolatahi.com\/index.php?rest_route=%2Fwp%2Fv2%2Fcomments&post=1778"}],"wp:featuredmedia":[{"embeddable":true,"href":"https:\/\/zlatarna-kolatahi.com\/index.php?rest_route=\/wp\/v2\/media\/2737"}],"wp:attachment":[{"href":"https:\/\/zlatarna-kolatahi.com\/index.php?rest_route=%2Fwp%2Fv2%2Fmedia&parent=1778"}],"wp:term":[{"taxonomy":"product_brand","embeddable":true,"href":"https:\/\/zlatarna-kolatahi.com\/index.php?rest_route=%2Fwp%2Fv2%2Fproduct_brand&post=1778"},{"taxonomy":"product_cat","embeddable":true,"href":"https:\/\/zlatarna-kolatahi.com\/index.php?rest_route=%2Fwp%2Fv2%2Fproduct_cat&post=1778"},{"taxonomy":"product_tag","embeddable":true,"href":"https:\/\/zlatarna-kolatahi.com\/index.php?rest_route=%2Fwp%2Fv2%2Fproduct_tag&post=1778"}],"curies":[{"name":"wp","href":"https:\/\/api.w.org\/{rel}","templated":true}]}}