{"id":2848,"date":"2025-12-30T14:13:16","date_gmt":"2025-12-30T14:13:16","guid":{"rendered":"https:\/\/lightpink-duck-199951.hostingersite.com\/?post_type=product&#038;p=2848"},"modified":"2026-05-15T19:38:08","modified_gmt":"2026-05-15T19:38:08","slug":"srebrni-prstan-z-srcem","status":"publish","type":"product","link":"https:\/\/zlatarna-kolatahi.com\/?product=srebrni-prstan-z-srcem","title":{"rendered":"Srebrni prstan z srcem"},"content":{"rendered":"<p>Ta prefinjeni srebrni prstan s srcem je popoln dodatek za vsak stil. Ne\u017een motiv srca izra\u017ea ljubezen in naklonjenost ter doda kan\u010dek romantike vsakemu outfitu. Izdelan iz kakovostnega srebra, nudi trajnost in sijaj skozi \u010das. Idealno darilo za posebne trenutke ali kot simbol va\u0161e osebne zgodbe. Lahkoten in udoben za vsakodnevno no\u0161enje.<\/p>\n","protected":false},"excerpt":{"rendered":"<p>Ne\u017ena srebrna prstan z motivom srca \u2013 simbol ljubezni in elegance.<\/p>\n","protected":false},"featured_media":2829,"comment_status":"open","ping_status":"closed","template":"","meta":[],"product_brand":[],"product_cat":[98,56,52],"product_tag":[113,96,16,112,95,94],"class_list":{"0":"post-2848","1":"product","2":"type-product","3":"status-publish","4":"has-post-thumbnail","6":"product_cat-prstani-2","7":"product_cat-prstani-srebro","8":"product_cat-srebro","9":"product_tag-anello","10":"product_tag-argento","11":"product_tag-prstan","12":"product_tag-ring","13":"product_tag-silver","14":"product_tag-srebro","16":"first","17":"instock","18":"taxable","19":"shipping-taxable","20":"purchasable","21":"product-type-simple"},"yoast_head":"<!-- This site is optimized with the Yoast SEO plugin v27.6 - https:\/\/yoast.com\/product\/yoast-seo-wordpress\/ -->\n<title>Srebrni prstan z srcem - Zlatarna Kolatahi<\/title>\n<meta name=\"description\" content=\"Poglejte si na\u0161o kolekcijo raznovrstnih izdelkov na na\u0161i spletni strani, vse od zapestnic in prtanov, do veri\u017eic in uhanov.Zlatarna Kolatahi.\" \/>\n<meta name=\"robots\" content=\"index, follow, max-snippet:-1, max-image-preview:large, max-video-preview:-1\" \/>\n<link rel=\"canonical\" href=\"https:\/\/zlatarna-kolatahi.com\/?product=srebrni-prstan-z-srcem\" \/>\n<meta property=\"og:locale\" content=\"sl_SI\" \/>\n<meta property=\"og:type\" content=\"article\" \/>\n<meta property=\"og:title\" content=\"Srebrni prstan z srcem - Zlatarna Kolatahi\" \/>\n<meta property=\"og:description\" content=\"Poglejte si na\u0161o kolekcijo raznovrstnih izdelkov na na\u0161i spletni strani, vse od zapestnic in prtanov, do veri\u017eic in uhanov.Zlatarna Kolatahi.\" \/>\n<meta property=\"og:url\" content=\"https:\/\/zlatarna-kolatahi.com\/?product=srebrni-prstan-z-srcem\" \/>\n<meta property=\"og:site_name\" content=\"Zlatarna Kolatahi\" \/>\n<meta property=\"article:modified_time\" content=\"2026-05-15T19:38:08+00:00\" \/>\n<meta property=\"og:image\" content=\"https:\/\/zlatarna-kolatahi.com\/wp-content\/uploads\/2025\/12\/prstan_srebro_srce1-scaled.png\" \/>\n\t<meta property=\"og:image:width\" content=\"1920\" \/>\n\t<meta property=\"og:image:height\" content=\"2560\" \/>\n\t<meta property=\"og:image:type\" content=\"image\/png\" \/>\n<meta name=\"twitter:card\" content=\"summary_large_image\" \/>\n<meta name=\"twitter:label1\" content=\"Est. reading time\" \/>\n\t<meta name=\"twitter:data1\" content=\"1 minuta\" \/>\n<script type=\"application\/ld+json\" class=\"yoast-schema-graph\">{\"@context\":\"https:\\\/\\\/schema.org\",\"@graph\":[{\"@type\":\"WebPage\",\"@id\":\"https:\\\/\\\/zlatarna-kolatahi.com\\\/?product=srebrni-prstan-z-srcem\",\"url\":\"https:\\\/\\\/zlatarna-kolatahi.com\\\/?product=srebrni-prstan-z-srcem\",\"name\":\"Srebrni prstan z srcem - Zlatarna Kolatahi\",\"isPartOf\":{\"@id\":\"https:\\\/\\\/zlatarna-kolatahi.com\\\/#website\"},\"primaryImageOfPage\":{\"@id\":\"https:\\\/\\\/zlatarna-kolatahi.com\\\/?product=srebrni-prstan-z-srcem#primaryimage\"},\"image\":{\"@id\":\"https:\\\/\\\/zlatarna-kolatahi.com\\\/?product=srebrni-prstan-z-srcem#primaryimage\"},\"thumbnailUrl\":\"https:\\\/\\\/i0.wp.com\\\/zlatarna-kolatahi.com\\\/wp-content\\\/uploads\\\/2025\\\/12\\\/prstan_srebro_srce1-scaled.png?fit=1920%2C2560&ssl=1\",\"datePublished\":\"2025-12-30T14:13:16+00:00\",\"dateModified\":\"2026-05-15T19:38:08+00:00\",\"description\":\"Poglejte si na\u0161o kolekcijo raznovrstnih izdelkov na na\u0161i spletni strani, vse od zapestnic in prtanov, do veri\u017eic in uhanov.Zlatarna Kolatahi.\",\"breadcrumb\":{\"@id\":\"https:\\\/\\\/zlatarna-kolatahi.com\\\/?product=srebrni-prstan-z-srcem#breadcrumb\"},\"inLanguage\":\"sl-SI\",\"potentialAction\":[{\"@type\":\"ReadAction\",\"target\":[\"https:\\\/\\\/zlatarna-kolatahi.com\\\/?product=srebrni-prstan-z-srcem\"]}]},{\"@type\":\"ImageObject\",\"inLanguage\":\"sl-SI\",\"@id\":\"https:\\\/\\\/zlatarna-kolatahi.com\\\/?product=srebrni-prstan-z-srcem#primaryimage\",\"url\":\"https:\\\/\\\/i0.wp.com\\\/zlatarna-kolatahi.com\\\/wp-content\\\/uploads\\\/2025\\\/12\\\/prstan_srebro_srce1-scaled.png?fit=1920%2C2560&ssl=1\",\"contentUrl\":\"https:\\\/\\\/i0.wp.com\\\/zlatarna-kolatahi.com\\\/wp-content\\\/uploads\\\/2025\\\/12\\\/prstan_srebro_srce1-scaled.png?fit=1920%2C2560&ssl=1\",\"width\":1920,\"height\":2560,\"caption\":\"Srebrni prstan iz srca\"},{\"@type\":\"BreadcrumbList\",\"@id\":\"https:\\\/\\\/zlatarna-kolatahi.com\\\/?product=srebrni-prstan-z-srcem#breadcrumb\",\"itemListElement\":[{\"@type\":\"ListItem\",\"position\":1,\"name\":\"Home\",\"item\":\"https:\\\/\\\/zlatarna-kolatahi.com\\\/\"},{\"@type\":\"ListItem\",\"position\":2,\"name\":\"Trgovina\",\"item\":\"https:\\\/\\\/zlatarna-kolatahi.com\\\/?page_id=11\"},{\"@type\":\"ListItem\",\"position\":3,\"name\":\"Srebrni prstan z srcem\"}]},{\"@type\":\"WebSite\",\"@id\":\"https:\\\/\\\/zlatarna-kolatahi.com\\\/#website\",\"url\":\"https:\\\/\\\/zlatarna-kolatahi.com\\\/\",\"name\":\"Zlatarna Kolatahi\",\"description\":\"\",\"publisher\":{\"@id\":\"https:\\\/\\\/zlatarna-kolatahi.com\\\/#organization\"},\"potentialAction\":[{\"@type\":\"SearchAction\",\"target\":{\"@type\":\"EntryPoint\",\"urlTemplate\":\"https:\\\/\\\/zlatarna-kolatahi.com\\\/?s={search_term_string}\"},\"query-input\":{\"@type\":\"PropertyValueSpecification\",\"valueRequired\":true,\"valueName\":\"search_term_string\"}}],\"inLanguage\":\"sl-SI\"},{\"@type\":\"Organization\",\"@id\":\"https:\\\/\\\/zlatarna-kolatahi.com\\\/#organization\",\"name\":\"Zlatarna Kolatahi\",\"url\":\"https:\\\/\\\/zlatarna-kolatahi.com\\\/\",\"logo\":{\"@type\":\"ImageObject\",\"inLanguage\":\"sl-SI\",\"@id\":\"https:\\\/\\\/zlatarna-kolatahi.com\\\/#\\\/schema\\\/logo\\\/image\\\/\",\"url\":\"https:\\\/\\\/zlatarna-kolatahi.com\\\/wp-content\\\/uploads\\\/2026\\\/01\\\/cropped-cropped-Posnetek_zaslona_2026-01-17_123852-removebg-preview.png\",\"contentUrl\":\"https:\\\/\\\/zlatarna-kolatahi.com\\\/wp-content\\\/uploads\\\/2026\\\/01\\\/cropped-cropped-Posnetek_zaslona_2026-01-17_123852-removebg-preview.png\",\"width\":512,\"height\":512,\"caption\":\"Zlatarna Kolatahi\"},\"image\":{\"@id\":\"https:\\\/\\\/zlatarna-kolatahi.com\\\/#\\\/schema\\\/logo\\\/image\\\/\"}}]}<\/script>\n<!-- \/ Yoast SEO plugin. -->","yoast_head_json":{"title":"Srebrni prstan z srcem - Zlatarna Kolatahi","description":"Poglejte si na\u0161o kolekcijo raznovrstnih izdelkov na na\u0161i spletni strani, vse od zapestnic in prtanov, do veri\u017eic in uhanov.Zlatarna Kolatahi.","robots":{"index":"index","follow":"follow","max-snippet":"max-snippet:-1","max-image-preview":"max-image-preview:large","max-video-preview":"max-video-preview:-1"},"canonical":"https:\/\/zlatarna-kolatahi.com\/?product=srebrni-prstan-z-srcem","og_locale":"sl_SI","og_type":"article","og_title":"Srebrni prstan z srcem - Zlatarna Kolatahi","og_description":"Poglejte si na\u0161o kolekcijo raznovrstnih izdelkov na na\u0161i spletni strani, vse od zapestnic in prtanov, do veri\u017eic in uhanov.Zlatarna Kolatahi.","og_url":"https:\/\/zlatarna-kolatahi.com\/?product=srebrni-prstan-z-srcem","og_site_name":"Zlatarna Kolatahi","article_modified_time":"2026-05-15T19:38:08+00:00","og_image":[{"width":1920,"height":2560,"url":"https:\/\/zlatarna-kolatahi.com\/wp-content\/uploads\/2025\/12\/prstan_srebro_srce1-scaled.png","type":"image\/png"}],"twitter_card":"summary_large_image","twitter_misc":{"Est. reading time":"1 minuta"},"schema":{"@context":"https:\/\/schema.org","@graph":[{"@type":"WebPage","@id":"https:\/\/zlatarna-kolatahi.com\/?product=srebrni-prstan-z-srcem","url":"https:\/\/zlatarna-kolatahi.com\/?product=srebrni-prstan-z-srcem","name":"Srebrni prstan z srcem - Zlatarna Kolatahi","isPartOf":{"@id":"https:\/\/zlatarna-kolatahi.com\/#website"},"primaryImageOfPage":{"@id":"https:\/\/zlatarna-kolatahi.com\/?product=srebrni-prstan-z-srcem#primaryimage"},"image":{"@id":"https:\/\/zlatarna-kolatahi.com\/?product=srebrni-prstan-z-srcem#primaryimage"},"thumbnailUrl":"https:\/\/i0.wp.com\/zlatarna-kolatahi.com\/wp-content\/uploads\/2025\/12\/prstan_srebro_srce1-scaled.png?fit=1920%2C2560&ssl=1","datePublished":"2025-12-30T14:13:16+00:00","dateModified":"2026-05-15T19:38:08+00:00","description":"Poglejte si na\u0161o kolekcijo raznovrstnih izdelkov na na\u0161i spletni strani, vse od zapestnic in prtanov, do veri\u017eic in uhanov.Zlatarna Kolatahi.","breadcrumb":{"@id":"https:\/\/zlatarna-kolatahi.com\/?product=srebrni-prstan-z-srcem#breadcrumb"},"inLanguage":"sl-SI","potentialAction":[{"@type":"ReadAction","target":["https:\/\/zlatarna-kolatahi.com\/?product=srebrni-prstan-z-srcem"]}]},{"@type":"ImageObject","inLanguage":"sl-SI","@id":"https:\/\/zlatarna-kolatahi.com\/?product=srebrni-prstan-z-srcem#primaryimage","url":"https:\/\/i0.wp.com\/zlatarna-kolatahi.com\/wp-content\/uploads\/2025\/12\/prstan_srebro_srce1-scaled.png?fit=1920%2C2560&ssl=1","contentUrl":"https:\/\/i0.wp.com\/zlatarna-kolatahi.com\/wp-content\/uploads\/2025\/12\/prstan_srebro_srce1-scaled.png?fit=1920%2C2560&ssl=1","width":1920,"height":2560,"caption":"Srebrni prstan iz srca"},{"@type":"BreadcrumbList","@id":"https:\/\/zlatarna-kolatahi.com\/?product=srebrni-prstan-z-srcem#breadcrumb","itemListElement":[{"@type":"ListItem","position":1,"name":"Home","item":"https:\/\/zlatarna-kolatahi.com\/"},{"@type":"ListItem","position":2,"name":"Trgovina","item":"https:\/\/zlatarna-kolatahi.com\/?page_id=11"},{"@type":"ListItem","position":3,"name":"Srebrni prstan z srcem"}]},{"@type":"WebSite","@id":"https:\/\/zlatarna-kolatahi.com\/#website","url":"https:\/\/zlatarna-kolatahi.com\/","name":"Zlatarna Kolatahi","description":"","publisher":{"@id":"https:\/\/zlatarna-kolatahi.com\/#organization"},"potentialAction":[{"@type":"SearchAction","target":{"@type":"EntryPoint","urlTemplate":"https:\/\/zlatarna-kolatahi.com\/?s={search_term_string}"},"query-input":{"@type":"PropertyValueSpecification","valueRequired":true,"valueName":"search_term_string"}}],"inLanguage":"sl-SI"},{"@type":"Organization","@id":"https:\/\/zlatarna-kolatahi.com\/#organization","name":"Zlatarna Kolatahi","url":"https:\/\/zlatarna-kolatahi.com\/","logo":{"@type":"ImageObject","inLanguage":"sl-SI","@id":"https:\/\/zlatarna-kolatahi.com\/#\/schema\/logo\/image\/","url":"https:\/\/zlatarna-kolatahi.com\/wp-content\/uploads\/2026\/01\/cropped-cropped-Posnetek_zaslona_2026-01-17_123852-removebg-preview.png","contentUrl":"https:\/\/zlatarna-kolatahi.com\/wp-content\/uploads\/2026\/01\/cropped-cropped-Posnetek_zaslona_2026-01-17_123852-removebg-preview.png","width":512,"height":512,"caption":"Zlatarna Kolatahi"},"image":{"@id":"https:\/\/zlatarna-kolatahi.com\/#\/schema\/logo\/image\/"}}]}},"jetpack_sharing_enabled":true,"_links":{"self":[{"href":"https:\/\/zlatarna-kolatahi.com\/index.php?rest_route=\/wp\/v2\/product\/2848","targetHints":{"allow":["GET"]}}],"collection":[{"href":"https:\/\/zlatarna-kolatahi.com\/index.php?rest_route=\/wp\/v2\/product"}],"about":[{"href":"https:\/\/zlatarna-kolatahi.com\/index.php?rest_route=\/wp\/v2\/types\/product"}],"replies":[{"embeddable":true,"href":"https:\/\/zlatarna-kolatahi.com\/index.php?rest_route=%2Fwp%2Fv2%2Fcomments&post=2848"}],"wp:featuredmedia":[{"embeddable":true,"href":"https:\/\/zlatarna-kolatahi.com\/index.php?rest_route=\/wp\/v2\/media\/2829"}],"wp:attachment":[{"href":"https:\/\/zlatarna-kolatahi.com\/index.php?rest_route=%2Fwp%2Fv2%2Fmedia&parent=2848"}],"wp:term":[{"taxonomy":"product_brand","embeddable":true,"href":"https:\/\/zlatarna-kolatahi.com\/index.php?rest_route=%2Fwp%2Fv2%2Fproduct_brand&post=2848"},{"taxonomy":"product_cat","embeddable":true,"href":"https:\/\/zlatarna-kolatahi.com\/index.php?rest_route=%2Fwp%2Fv2%2Fproduct_cat&post=2848"},{"taxonomy":"product_tag","embeddable":true,"href":"https:\/\/zlatarna-kolatahi.com\/index.php?rest_route=%2Fwp%2Fv2%2Fproduct_tag&post=2848"}],"curies":[{"name":"wp","href":"https:\/\/api.w.org\/{rel}","templated":true}]}}