{"id":2954,"date":"2026-01-03T11:17:08","date_gmt":"2026-01-03T11:17:08","guid":{"rendered":"https:\/\/lightpink-duck-199951.hostingersite.com\/?post_type=product&#038;p=2954"},"modified":"2026-05-15T19:37:59","modified_gmt":"2026-05-15T19:37:59","slug":"jeklena-zapestnica-z-kavcukom-13","status":"publish","type":"product","link":"https:\/\/zlatarna-kolatahi.com\/?product=jeklena-zapestnica-z-kavcukom-13","title":{"rendered":"Jeklena zapestnica z kav\u010dukom"},"content":{"rendered":"<p>Jeklena zapestnica z kav\u010dukom je zasnovana za vse, ki i\u0161\u010dejo moderen in prakti\u010den dodatek. Materiali zagotavljajo odpornost in dolgo \u017eivljenjsko dobo. Zapestnica je udobna in primerna za vsakodnevno uporabo. Njena preprosta estetika se lepo prilega razli\u010dnim slogom. Idealen kos za sodoben videz.<\/p>\n","protected":false},"excerpt":{"rendered":"<p>Trpe\u017ena jeklena zapestnica z kav\u010dukom v modernem slogu.<\/p>\n","protected":false},"featured_media":2955,"comment_status":"open","ping_status":"closed","template":"","meta":[],"product_brand":[],"product_cat":[53,100,60],"product_tag":[93,116,114,91,92,35],"class_list":{"0":"post-2954","1":"product","2":"type-product","3":"status-publish","4":"has-post-thumbnail","6":"product_cat-nerjavece-jeklo","7":"product_cat-zapestnica-2","8":"product_cat-zapestnica-jeklo","9":"product_tag-acciaio-inox","10":"product_tag-braccialetto","11":"product_tag-bracelet","12":"product_tag-nerjavece-jeklo","13":"product_tag-stainless-steel","14":"product_tag-zapestnica","16":"first","17":"instock","18":"taxable","19":"shipping-taxable","20":"purchasable","21":"product-type-simple"},"yoast_head":"<!-- This site is optimized with the Yoast SEO plugin v27.6 - https:\/\/yoast.com\/product\/yoast-seo-wordpress\/ -->\n<title>Jeklena zapestnica z kav\u010dukom - Zlatarna Kolatahi<\/title>\n<meta name=\"description\" content=\"Poglejte si na\u0161o kolekcijo raznovrstnih izdelkov na na\u0161i spletni strani, vse od zapestnic in prtanov, do veri\u017eic in uhanov.Zlatarna Kolatahi.\" \/>\n<meta name=\"robots\" content=\"index, follow, max-snippet:-1, max-image-preview:large, max-video-preview:-1\" \/>\n<link rel=\"canonical\" href=\"https:\/\/zlatarna-kolatahi.com\/?product=jeklena-zapestnica-z-kavcukom-13\" \/>\n<meta property=\"og:locale\" content=\"sl_SI\" \/>\n<meta property=\"og:type\" content=\"article\" \/>\n<meta property=\"og:title\" content=\"Jeklena zapestnica z kav\u010dukom - Zlatarna Kolatahi\" \/>\n<meta property=\"og:description\" content=\"Poglejte si na\u0161o kolekcijo raznovrstnih izdelkov na na\u0161i spletni strani, vse od zapestnic in prtanov, do veri\u017eic in uhanov.Zlatarna Kolatahi.\" \/>\n<meta property=\"og:url\" content=\"https:\/\/zlatarna-kolatahi.com\/?product=jeklena-zapestnica-z-kavcukom-13\" \/>\n<meta property=\"og:site_name\" content=\"Zlatarna Kolatahi\" \/>\n<meta property=\"article:modified_time\" content=\"2026-05-15T19:37:59+00:00\" \/>\n<meta property=\"og:image\" content=\"https:\/\/zlatarna-kolatahi.com\/wp-content\/uploads\/2026\/01\/DSC_0484-scaled.jpg\" \/>\n\t<meta property=\"og:image:width\" content=\"2560\" \/>\n\t<meta property=\"og:image:height\" content=\"1702\" \/>\n\t<meta property=\"og:image:type\" content=\"image\/jpeg\" \/>\n<meta name=\"twitter:card\" content=\"summary_large_image\" \/>\n<meta name=\"twitter:label1\" content=\"Est. reading time\" \/>\n\t<meta name=\"twitter:data1\" content=\"1 minuta\" \/>\n<script type=\"application\/ld+json\" class=\"yoast-schema-graph\">{\"@context\":\"https:\\\/\\\/schema.org\",\"@graph\":[{\"@type\":\"WebPage\",\"@id\":\"https:\\\/\\\/zlatarna-kolatahi.com\\\/?product=jeklena-zapestnica-z-kavcukom-13\",\"url\":\"https:\\\/\\\/zlatarna-kolatahi.com\\\/?product=jeklena-zapestnica-z-kavcukom-13\",\"name\":\"Jeklena zapestnica z kav\u010dukom - Zlatarna Kolatahi\",\"isPartOf\":{\"@id\":\"https:\\\/\\\/zlatarna-kolatahi.com\\\/#website\"},\"primaryImageOfPage\":{\"@id\":\"https:\\\/\\\/zlatarna-kolatahi.com\\\/?product=jeklena-zapestnica-z-kavcukom-13#primaryimage\"},\"image\":{\"@id\":\"https:\\\/\\\/zlatarna-kolatahi.com\\\/?product=jeklena-zapestnica-z-kavcukom-13#primaryimage\"},\"thumbnailUrl\":\"https:\\\/\\\/i0.wp.com\\\/zlatarna-kolatahi.com\\\/wp-content\\\/uploads\\\/2026\\\/01\\\/DSC_0484-scaled.jpg?fit=2560%2C1702&ssl=1\",\"datePublished\":\"2026-01-03T11:17:08+00:00\",\"dateModified\":\"2026-05-15T19:37:59+00:00\",\"description\":\"Poglejte si na\u0161o kolekcijo raznovrstnih izdelkov na na\u0161i spletni strani, vse od zapestnic in prtanov, do veri\u017eic in uhanov.Zlatarna Kolatahi.\",\"breadcrumb\":{\"@id\":\"https:\\\/\\\/zlatarna-kolatahi.com\\\/?product=jeklena-zapestnica-z-kavcukom-13#breadcrumb\"},\"inLanguage\":\"sl-SI\",\"potentialAction\":[{\"@type\":\"ReadAction\",\"target\":[\"https:\\\/\\\/zlatarna-kolatahi.com\\\/?product=jeklena-zapestnica-z-kavcukom-13\"]}]},{\"@type\":\"ImageObject\",\"inLanguage\":\"sl-SI\",\"@id\":\"https:\\\/\\\/zlatarna-kolatahi.com\\\/?product=jeklena-zapestnica-z-kavcukom-13#primaryimage\",\"url\":\"https:\\\/\\\/i0.wp.com\\\/zlatarna-kolatahi.com\\\/wp-content\\\/uploads\\\/2026\\\/01\\\/DSC_0484-scaled.jpg?fit=2560%2C1702&ssl=1\",\"contentUrl\":\"https:\\\/\\\/i0.wp.com\\\/zlatarna-kolatahi.com\\\/wp-content\\\/uploads\\\/2026\\\/01\\\/DSC_0484-scaled.jpg?fit=2560%2C1702&ssl=1\",\"width\":2560,\"height\":1702,\"caption\":\"Zapestnica iz jekla z kav\u010dukom\"},{\"@type\":\"BreadcrumbList\",\"@id\":\"https:\\\/\\\/zlatarna-kolatahi.com\\\/?product=jeklena-zapestnica-z-kavcukom-13#breadcrumb\",\"itemListElement\":[{\"@type\":\"ListItem\",\"position\":1,\"name\":\"Home\",\"item\":\"https:\\\/\\\/zlatarna-kolatahi.com\\\/\"},{\"@type\":\"ListItem\",\"position\":2,\"name\":\"Trgovina\",\"item\":\"https:\\\/\\\/zlatarna-kolatahi.com\\\/?page_id=11\"},{\"@type\":\"ListItem\",\"position\":3,\"name\":\"Jeklena zapestnica z kav\u010dukom\"}]},{\"@type\":\"WebSite\",\"@id\":\"https:\\\/\\\/zlatarna-kolatahi.com\\\/#website\",\"url\":\"https:\\\/\\\/zlatarna-kolatahi.com\\\/\",\"name\":\"Zlatarna Kolatahi\",\"description\":\"\",\"publisher\":{\"@id\":\"https:\\\/\\\/zlatarna-kolatahi.com\\\/#organization\"},\"potentialAction\":[{\"@type\":\"SearchAction\",\"target\":{\"@type\":\"EntryPoint\",\"urlTemplate\":\"https:\\\/\\\/zlatarna-kolatahi.com\\\/?s={search_term_string}\"},\"query-input\":{\"@type\":\"PropertyValueSpecification\",\"valueRequired\":true,\"valueName\":\"search_term_string\"}}],\"inLanguage\":\"sl-SI\"},{\"@type\":\"Organization\",\"@id\":\"https:\\\/\\\/zlatarna-kolatahi.com\\\/#organization\",\"name\":\"Zlatarna Kolatahi\",\"url\":\"https:\\\/\\\/zlatarna-kolatahi.com\\\/\",\"logo\":{\"@type\":\"ImageObject\",\"inLanguage\":\"sl-SI\",\"@id\":\"https:\\\/\\\/zlatarna-kolatahi.com\\\/#\\\/schema\\\/logo\\\/image\\\/\",\"url\":\"https:\\\/\\\/zlatarna-kolatahi.com\\\/wp-content\\\/uploads\\\/2026\\\/01\\\/cropped-cropped-Posnetek_zaslona_2026-01-17_123852-removebg-preview.png\",\"contentUrl\":\"https:\\\/\\\/zlatarna-kolatahi.com\\\/wp-content\\\/uploads\\\/2026\\\/01\\\/cropped-cropped-Posnetek_zaslona_2026-01-17_123852-removebg-preview.png\",\"width\":512,\"height\":512,\"caption\":\"Zlatarna Kolatahi\"},\"image\":{\"@id\":\"https:\\\/\\\/zlatarna-kolatahi.com\\\/#\\\/schema\\\/logo\\\/image\\\/\"}}]}<\/script>\n<!-- \/ Yoast SEO plugin. -->","yoast_head_json":{"title":"Jeklena zapestnica z kav\u010dukom - Zlatarna Kolatahi","description":"Poglejte si na\u0161o kolekcijo raznovrstnih izdelkov na na\u0161i spletni strani, vse od zapestnic in prtanov, do veri\u017eic in uhanov.Zlatarna Kolatahi.","robots":{"index":"index","follow":"follow","max-snippet":"max-snippet:-1","max-image-preview":"max-image-preview:large","max-video-preview":"max-video-preview:-1"},"canonical":"https:\/\/zlatarna-kolatahi.com\/?product=jeklena-zapestnica-z-kavcukom-13","og_locale":"sl_SI","og_type":"article","og_title":"Jeklena zapestnica z kav\u010dukom - Zlatarna Kolatahi","og_description":"Poglejte si na\u0161o kolekcijo raznovrstnih izdelkov na na\u0161i spletni strani, vse od zapestnic in prtanov, do veri\u017eic in uhanov.Zlatarna Kolatahi.","og_url":"https:\/\/zlatarna-kolatahi.com\/?product=jeklena-zapestnica-z-kavcukom-13","og_site_name":"Zlatarna Kolatahi","article_modified_time":"2026-05-15T19:37:59+00:00","og_image":[{"width":2560,"height":1702,"url":"https:\/\/zlatarna-kolatahi.com\/wp-content\/uploads\/2026\/01\/DSC_0484-scaled.jpg","type":"image\/jpeg"}],"twitter_card":"summary_large_image","twitter_misc":{"Est. reading time":"1 minuta"},"schema":{"@context":"https:\/\/schema.org","@graph":[{"@type":"WebPage","@id":"https:\/\/zlatarna-kolatahi.com\/?product=jeklena-zapestnica-z-kavcukom-13","url":"https:\/\/zlatarna-kolatahi.com\/?product=jeklena-zapestnica-z-kavcukom-13","name":"Jeklena zapestnica z kav\u010dukom - Zlatarna Kolatahi","isPartOf":{"@id":"https:\/\/zlatarna-kolatahi.com\/#website"},"primaryImageOfPage":{"@id":"https:\/\/zlatarna-kolatahi.com\/?product=jeklena-zapestnica-z-kavcukom-13#primaryimage"},"image":{"@id":"https:\/\/zlatarna-kolatahi.com\/?product=jeklena-zapestnica-z-kavcukom-13#primaryimage"},"thumbnailUrl":"https:\/\/i0.wp.com\/zlatarna-kolatahi.com\/wp-content\/uploads\/2026\/01\/DSC_0484-scaled.jpg?fit=2560%2C1702&ssl=1","datePublished":"2026-01-03T11:17:08+00:00","dateModified":"2026-05-15T19:37:59+00:00","description":"Poglejte si na\u0161o kolekcijo raznovrstnih izdelkov na na\u0161i spletni strani, vse od zapestnic in prtanov, do veri\u017eic in uhanov.Zlatarna Kolatahi.","breadcrumb":{"@id":"https:\/\/zlatarna-kolatahi.com\/?product=jeklena-zapestnica-z-kavcukom-13#breadcrumb"},"inLanguage":"sl-SI","potentialAction":[{"@type":"ReadAction","target":["https:\/\/zlatarna-kolatahi.com\/?product=jeklena-zapestnica-z-kavcukom-13"]}]},{"@type":"ImageObject","inLanguage":"sl-SI","@id":"https:\/\/zlatarna-kolatahi.com\/?product=jeklena-zapestnica-z-kavcukom-13#primaryimage","url":"https:\/\/i0.wp.com\/zlatarna-kolatahi.com\/wp-content\/uploads\/2026\/01\/DSC_0484-scaled.jpg?fit=2560%2C1702&ssl=1","contentUrl":"https:\/\/i0.wp.com\/zlatarna-kolatahi.com\/wp-content\/uploads\/2026\/01\/DSC_0484-scaled.jpg?fit=2560%2C1702&ssl=1","width":2560,"height":1702,"caption":"Zapestnica iz jekla z kav\u010dukom"},{"@type":"BreadcrumbList","@id":"https:\/\/zlatarna-kolatahi.com\/?product=jeklena-zapestnica-z-kavcukom-13#breadcrumb","itemListElement":[{"@type":"ListItem","position":1,"name":"Home","item":"https:\/\/zlatarna-kolatahi.com\/"},{"@type":"ListItem","position":2,"name":"Trgovina","item":"https:\/\/zlatarna-kolatahi.com\/?page_id=11"},{"@type":"ListItem","position":3,"name":"Jeklena zapestnica z kav\u010dukom"}]},{"@type":"WebSite","@id":"https:\/\/zlatarna-kolatahi.com\/#website","url":"https:\/\/zlatarna-kolatahi.com\/","name":"Zlatarna Kolatahi","description":"","publisher":{"@id":"https:\/\/zlatarna-kolatahi.com\/#organization"},"potentialAction":[{"@type":"SearchAction","target":{"@type":"EntryPoint","urlTemplate":"https:\/\/zlatarna-kolatahi.com\/?s={search_term_string}"},"query-input":{"@type":"PropertyValueSpecification","valueRequired":true,"valueName":"search_term_string"}}],"inLanguage":"sl-SI"},{"@type":"Organization","@id":"https:\/\/zlatarna-kolatahi.com\/#organization","name":"Zlatarna Kolatahi","url":"https:\/\/zlatarna-kolatahi.com\/","logo":{"@type":"ImageObject","inLanguage":"sl-SI","@id":"https:\/\/zlatarna-kolatahi.com\/#\/schema\/logo\/image\/","url":"https:\/\/zlatarna-kolatahi.com\/wp-content\/uploads\/2026\/01\/cropped-cropped-Posnetek_zaslona_2026-01-17_123852-removebg-preview.png","contentUrl":"https:\/\/zlatarna-kolatahi.com\/wp-content\/uploads\/2026\/01\/cropped-cropped-Posnetek_zaslona_2026-01-17_123852-removebg-preview.png","width":512,"height":512,"caption":"Zlatarna Kolatahi"},"image":{"@id":"https:\/\/zlatarna-kolatahi.com\/#\/schema\/logo\/image\/"}}]}},"jetpack_sharing_enabled":true,"_links":{"self":[{"href":"https:\/\/zlatarna-kolatahi.com\/index.php?rest_route=\/wp\/v2\/product\/2954","targetHints":{"allow":["GET"]}}],"collection":[{"href":"https:\/\/zlatarna-kolatahi.com\/index.php?rest_route=\/wp\/v2\/product"}],"about":[{"href":"https:\/\/zlatarna-kolatahi.com\/index.php?rest_route=\/wp\/v2\/types\/product"}],"replies":[{"embeddable":true,"href":"https:\/\/zlatarna-kolatahi.com\/index.php?rest_route=%2Fwp%2Fv2%2Fcomments&post=2954"}],"wp:featuredmedia":[{"embeddable":true,"href":"https:\/\/zlatarna-kolatahi.com\/index.php?rest_route=\/wp\/v2\/media\/2955"}],"wp:attachment":[{"href":"https:\/\/zlatarna-kolatahi.com\/index.php?rest_route=%2Fwp%2Fv2%2Fmedia&parent=2954"}],"wp:term":[{"taxonomy":"product_brand","embeddable":true,"href":"https:\/\/zlatarna-kolatahi.com\/index.php?rest_route=%2Fwp%2Fv2%2Fproduct_brand&post=2954"},{"taxonomy":"product_cat","embeddable":true,"href":"https:\/\/zlatarna-kolatahi.com\/index.php?rest_route=%2Fwp%2Fv2%2Fproduct_cat&post=2954"},{"taxonomy":"product_tag","embeddable":true,"href":"https:\/\/zlatarna-kolatahi.com\/index.php?rest_route=%2Fwp%2Fv2%2Fproduct_tag&post=2954"}],"curies":[{"name":"wp","href":"https:\/\/api.w.org\/{rel}","templated":true}]}}