{"id":3164,"date":"2026-01-26T16:18:54","date_gmt":"2026-01-26T16:18:54","guid":{"rendered":"https:\/\/lightpink-duck-199951.hostingersite.com\/?post_type=product&#038;p=3164"},"modified":"2026-05-15T19:37:54","modified_gmt":"2026-05-15T19:37:54","slug":"zapestnica-iz-jekla-3","status":"publish","type":"product","link":"https:\/\/zlatarna-kolatahi.com\/?product=zapestnica-iz-jekla-3","title":{"rendered":"Zapestnica iz jekla"},"content":{"rendered":"<p>Jeklena zapestnica s sodobnim dizajnom je ustvarjena za tiste, ki cenijo \u010dist slog. Izdelana je iz trpe\u017enega materiala, ki zagotavlja dolgo \u017eivljenjsko dobo. Njena elegantna oblika dopolni vsak outfit brez pretiravanja. Primerna je za vsakodnevne in posebne prilo\u017enosti. Zanesljiv modni dodatek, ki nikoli ne gre iz mode.<\/p>\n","protected":false},"excerpt":{"rendered":"<p>Modna jeklena zapestnica za samozavesten videz.<\/p>\n","protected":false},"featured_media":3157,"comment_status":"open","ping_status":"closed","template":"","meta":[],"product_brand":[],"product_cat":[53,100,60],"product_tag":[93,116,114,91,92,35],"class_list":{"0":"post-3164","1":"product","2":"type-product","3":"status-publish","4":"has-post-thumbnail","6":"product_cat-nerjavece-jeklo","7":"product_cat-zapestnica-2","8":"product_cat-zapestnica-jeklo","9":"product_tag-acciaio-inox","10":"product_tag-braccialetto","11":"product_tag-bracelet","12":"product_tag-nerjavece-jeklo","13":"product_tag-stainless-steel","14":"product_tag-zapestnica","16":"first","17":"instock","18":"taxable","19":"shipping-taxable","20":"purchasable","21":"product-type-simple"},"yoast_head":"<!-- This site is optimized with the Yoast SEO plugin v27.6 - https:\/\/yoast.com\/product\/yoast-seo-wordpress\/ -->\n<title>Zapestnica iz jekla - Zlatarna Kolatahi<\/title>\n<meta name=\"description\" content=\"Poglejte si na\u0161o kolekcijo raznovrstnih izdelkov na na\u0161i spletni strani, vse od zapestnic in prtanov, do veri\u017eic in uhanov.Zlatarna Kolatahi.\" \/>\n<meta name=\"robots\" content=\"index, follow, max-snippet:-1, max-image-preview:large, max-video-preview:-1\" \/>\n<link rel=\"canonical\" href=\"https:\/\/zlatarna-kolatahi.com\/?product=zapestnica-iz-jekla-3\" \/>\n<meta property=\"og:locale\" content=\"sl_SI\" \/>\n<meta property=\"og:type\" content=\"article\" \/>\n<meta property=\"og:title\" content=\"Zapestnica iz jekla - Zlatarna Kolatahi\" \/>\n<meta property=\"og:description\" content=\"Poglejte si na\u0161o kolekcijo raznovrstnih izdelkov na na\u0161i spletni strani, vse od zapestnic in prtanov, do veri\u017eic in uhanov.Zlatarna Kolatahi.\" \/>\n<meta property=\"og:url\" content=\"https:\/\/zlatarna-kolatahi.com\/?product=zapestnica-iz-jekla-3\" \/>\n<meta property=\"og:site_name\" content=\"Zlatarna Kolatahi\" \/>\n<meta property=\"article:modified_time\" content=\"2026-05-15T19:37:54+00:00\" \/>\n<meta property=\"og:image\" content=\"https:\/\/zlatarna-kolatahi.com\/wp-content\/uploads\/2026\/01\/IMG_2770.jpg\" \/>\n\t<meta property=\"og:image:width\" content=\"1920\" \/>\n\t<meta property=\"og:image:height\" content=\"2560\" \/>\n\t<meta property=\"og:image:type\" content=\"image\/jpeg\" \/>\n<meta name=\"twitter:card\" content=\"summary_large_image\" \/>\n<meta name=\"twitter:label1\" content=\"Est. reading time\" \/>\n\t<meta name=\"twitter:data1\" content=\"1 minuta\" \/>\n<script type=\"application\/ld+json\" class=\"yoast-schema-graph\">{\"@context\":\"https:\\\/\\\/schema.org\",\"@graph\":[{\"@type\":\"WebPage\",\"@id\":\"https:\\\/\\\/zlatarna-kolatahi.com\\\/?product=zapestnica-iz-jekla-3\",\"url\":\"https:\\\/\\\/zlatarna-kolatahi.com\\\/?product=zapestnica-iz-jekla-3\",\"name\":\"Zapestnica iz jekla - Zlatarna Kolatahi\",\"isPartOf\":{\"@id\":\"https:\\\/\\\/zlatarna-kolatahi.com\\\/#website\"},\"primaryImageOfPage\":{\"@id\":\"https:\\\/\\\/zlatarna-kolatahi.com\\\/?product=zapestnica-iz-jekla-3#primaryimage\"},\"image\":{\"@id\":\"https:\\\/\\\/zlatarna-kolatahi.com\\\/?product=zapestnica-iz-jekla-3#primaryimage\"},\"thumbnailUrl\":\"https:\\\/\\\/i0.wp.com\\\/zlatarna-kolatahi.com\\\/wp-content\\\/uploads\\\/2026\\\/01\\\/IMG_2770.jpg?fit=1920%2C2560&ssl=1\",\"datePublished\":\"2026-01-26T16:18:54+00:00\",\"dateModified\":\"2026-05-15T19:37:54+00:00\",\"description\":\"Poglejte si na\u0161o kolekcijo raznovrstnih izdelkov na na\u0161i spletni strani, vse od zapestnic in prtanov, do veri\u017eic in uhanov.Zlatarna Kolatahi.\",\"breadcrumb\":{\"@id\":\"https:\\\/\\\/zlatarna-kolatahi.com\\\/?product=zapestnica-iz-jekla-3#breadcrumb\"},\"inLanguage\":\"sl-SI\",\"potentialAction\":[{\"@type\":\"ReadAction\",\"target\":[\"https:\\\/\\\/zlatarna-kolatahi.com\\\/?product=zapestnica-iz-jekla-3\"]}]},{\"@type\":\"ImageObject\",\"inLanguage\":\"sl-SI\",\"@id\":\"https:\\\/\\\/zlatarna-kolatahi.com\\\/?product=zapestnica-iz-jekla-3#primaryimage\",\"url\":\"https:\\\/\\\/i0.wp.com\\\/zlatarna-kolatahi.com\\\/wp-content\\\/uploads\\\/2026\\\/01\\\/IMG_2770.jpg?fit=1920%2C2560&ssl=1\",\"contentUrl\":\"https:\\\/\\\/i0.wp.com\\\/zlatarna-kolatahi.com\\\/wp-content\\\/uploads\\\/2026\\\/01\\\/IMG_2770.jpg?fit=1920%2C2560&ssl=1\",\"width\":1920,\"height\":2560,\"caption\":\"Zapestnica iz jekla\"},{\"@type\":\"BreadcrumbList\",\"@id\":\"https:\\\/\\\/zlatarna-kolatahi.com\\\/?product=zapestnica-iz-jekla-3#breadcrumb\",\"itemListElement\":[{\"@type\":\"ListItem\",\"position\":1,\"name\":\"Home\",\"item\":\"https:\\\/\\\/zlatarna-kolatahi.com\\\/\"},{\"@type\":\"ListItem\",\"position\":2,\"name\":\"Trgovina\",\"item\":\"https:\\\/\\\/zlatarna-kolatahi.com\\\/?page_id=11\"},{\"@type\":\"ListItem\",\"position\":3,\"name\":\"Zapestnica iz jekla\"}]},{\"@type\":\"WebSite\",\"@id\":\"https:\\\/\\\/zlatarna-kolatahi.com\\\/#website\",\"url\":\"https:\\\/\\\/zlatarna-kolatahi.com\\\/\",\"name\":\"Zlatarna Kolatahi\",\"description\":\"\",\"publisher\":{\"@id\":\"https:\\\/\\\/zlatarna-kolatahi.com\\\/#organization\"},\"potentialAction\":[{\"@type\":\"SearchAction\",\"target\":{\"@type\":\"EntryPoint\",\"urlTemplate\":\"https:\\\/\\\/zlatarna-kolatahi.com\\\/?s={search_term_string}\"},\"query-input\":{\"@type\":\"PropertyValueSpecification\",\"valueRequired\":true,\"valueName\":\"search_term_string\"}}],\"inLanguage\":\"sl-SI\"},{\"@type\":\"Organization\",\"@id\":\"https:\\\/\\\/zlatarna-kolatahi.com\\\/#organization\",\"name\":\"Zlatarna Kolatahi\",\"url\":\"https:\\\/\\\/zlatarna-kolatahi.com\\\/\",\"logo\":{\"@type\":\"ImageObject\",\"inLanguage\":\"sl-SI\",\"@id\":\"https:\\\/\\\/zlatarna-kolatahi.com\\\/#\\\/schema\\\/logo\\\/image\\\/\",\"url\":\"https:\\\/\\\/zlatarna-kolatahi.com\\\/wp-content\\\/uploads\\\/2026\\\/01\\\/cropped-cropped-Posnetek_zaslona_2026-01-17_123852-removebg-preview.png\",\"contentUrl\":\"https:\\\/\\\/zlatarna-kolatahi.com\\\/wp-content\\\/uploads\\\/2026\\\/01\\\/cropped-cropped-Posnetek_zaslona_2026-01-17_123852-removebg-preview.png\",\"width\":512,\"height\":512,\"caption\":\"Zlatarna Kolatahi\"},\"image\":{\"@id\":\"https:\\\/\\\/zlatarna-kolatahi.com\\\/#\\\/schema\\\/logo\\\/image\\\/\"}}]}<\/script>\n<!-- \/ Yoast SEO plugin. -->","yoast_head_json":{"title":"Zapestnica iz jekla - Zlatarna Kolatahi","description":"Poglejte si na\u0161o kolekcijo raznovrstnih izdelkov na na\u0161i spletni strani, vse od zapestnic in prtanov, do veri\u017eic in uhanov.Zlatarna Kolatahi.","robots":{"index":"index","follow":"follow","max-snippet":"max-snippet:-1","max-image-preview":"max-image-preview:large","max-video-preview":"max-video-preview:-1"},"canonical":"https:\/\/zlatarna-kolatahi.com\/?product=zapestnica-iz-jekla-3","og_locale":"sl_SI","og_type":"article","og_title":"Zapestnica iz jekla - Zlatarna Kolatahi","og_description":"Poglejte si na\u0161o kolekcijo raznovrstnih izdelkov na na\u0161i spletni strani, vse od zapestnic in prtanov, do veri\u017eic in uhanov.Zlatarna Kolatahi.","og_url":"https:\/\/zlatarna-kolatahi.com\/?product=zapestnica-iz-jekla-3","og_site_name":"Zlatarna Kolatahi","article_modified_time":"2026-05-15T19:37:54+00:00","og_image":[{"width":1920,"height":2560,"url":"https:\/\/zlatarna-kolatahi.com\/wp-content\/uploads\/2026\/01\/IMG_2770.jpg","type":"image\/jpeg"}],"twitter_card":"summary_large_image","twitter_misc":{"Est. reading time":"1 minuta"},"schema":{"@context":"https:\/\/schema.org","@graph":[{"@type":"WebPage","@id":"https:\/\/zlatarna-kolatahi.com\/?product=zapestnica-iz-jekla-3","url":"https:\/\/zlatarna-kolatahi.com\/?product=zapestnica-iz-jekla-3","name":"Zapestnica iz jekla - Zlatarna Kolatahi","isPartOf":{"@id":"https:\/\/zlatarna-kolatahi.com\/#website"},"primaryImageOfPage":{"@id":"https:\/\/zlatarna-kolatahi.com\/?product=zapestnica-iz-jekla-3#primaryimage"},"image":{"@id":"https:\/\/zlatarna-kolatahi.com\/?product=zapestnica-iz-jekla-3#primaryimage"},"thumbnailUrl":"https:\/\/i0.wp.com\/zlatarna-kolatahi.com\/wp-content\/uploads\/2026\/01\/IMG_2770.jpg?fit=1920%2C2560&ssl=1","datePublished":"2026-01-26T16:18:54+00:00","dateModified":"2026-05-15T19:37:54+00:00","description":"Poglejte si na\u0161o kolekcijo raznovrstnih izdelkov na na\u0161i spletni strani, vse od zapestnic in prtanov, do veri\u017eic in uhanov.Zlatarna Kolatahi.","breadcrumb":{"@id":"https:\/\/zlatarna-kolatahi.com\/?product=zapestnica-iz-jekla-3#breadcrumb"},"inLanguage":"sl-SI","potentialAction":[{"@type":"ReadAction","target":["https:\/\/zlatarna-kolatahi.com\/?product=zapestnica-iz-jekla-3"]}]},{"@type":"ImageObject","inLanguage":"sl-SI","@id":"https:\/\/zlatarna-kolatahi.com\/?product=zapestnica-iz-jekla-3#primaryimage","url":"https:\/\/i0.wp.com\/zlatarna-kolatahi.com\/wp-content\/uploads\/2026\/01\/IMG_2770.jpg?fit=1920%2C2560&ssl=1","contentUrl":"https:\/\/i0.wp.com\/zlatarna-kolatahi.com\/wp-content\/uploads\/2026\/01\/IMG_2770.jpg?fit=1920%2C2560&ssl=1","width":1920,"height":2560,"caption":"Zapestnica iz jekla"},{"@type":"BreadcrumbList","@id":"https:\/\/zlatarna-kolatahi.com\/?product=zapestnica-iz-jekla-3#breadcrumb","itemListElement":[{"@type":"ListItem","position":1,"name":"Home","item":"https:\/\/zlatarna-kolatahi.com\/"},{"@type":"ListItem","position":2,"name":"Trgovina","item":"https:\/\/zlatarna-kolatahi.com\/?page_id=11"},{"@type":"ListItem","position":3,"name":"Zapestnica iz jekla"}]},{"@type":"WebSite","@id":"https:\/\/zlatarna-kolatahi.com\/#website","url":"https:\/\/zlatarna-kolatahi.com\/","name":"Zlatarna Kolatahi","description":"","publisher":{"@id":"https:\/\/zlatarna-kolatahi.com\/#organization"},"potentialAction":[{"@type":"SearchAction","target":{"@type":"EntryPoint","urlTemplate":"https:\/\/zlatarna-kolatahi.com\/?s={search_term_string}"},"query-input":{"@type":"PropertyValueSpecification","valueRequired":true,"valueName":"search_term_string"}}],"inLanguage":"sl-SI"},{"@type":"Organization","@id":"https:\/\/zlatarna-kolatahi.com\/#organization","name":"Zlatarna Kolatahi","url":"https:\/\/zlatarna-kolatahi.com\/","logo":{"@type":"ImageObject","inLanguage":"sl-SI","@id":"https:\/\/zlatarna-kolatahi.com\/#\/schema\/logo\/image\/","url":"https:\/\/zlatarna-kolatahi.com\/wp-content\/uploads\/2026\/01\/cropped-cropped-Posnetek_zaslona_2026-01-17_123852-removebg-preview.png","contentUrl":"https:\/\/zlatarna-kolatahi.com\/wp-content\/uploads\/2026\/01\/cropped-cropped-Posnetek_zaslona_2026-01-17_123852-removebg-preview.png","width":512,"height":512,"caption":"Zlatarna Kolatahi"},"image":{"@id":"https:\/\/zlatarna-kolatahi.com\/#\/schema\/logo\/image\/"}}]}},"jetpack_sharing_enabled":true,"_links":{"self":[{"href":"https:\/\/zlatarna-kolatahi.com\/index.php?rest_route=\/wp\/v2\/product\/3164","targetHints":{"allow":["GET"]}}],"collection":[{"href":"https:\/\/zlatarna-kolatahi.com\/index.php?rest_route=\/wp\/v2\/product"}],"about":[{"href":"https:\/\/zlatarna-kolatahi.com\/index.php?rest_route=\/wp\/v2\/types\/product"}],"replies":[{"embeddable":true,"href":"https:\/\/zlatarna-kolatahi.com\/index.php?rest_route=%2Fwp%2Fv2%2Fcomments&post=3164"}],"wp:featuredmedia":[{"embeddable":true,"href":"https:\/\/zlatarna-kolatahi.com\/index.php?rest_route=\/wp\/v2\/media\/3157"}],"wp:attachment":[{"href":"https:\/\/zlatarna-kolatahi.com\/index.php?rest_route=%2Fwp%2Fv2%2Fmedia&parent=3164"}],"wp:term":[{"taxonomy":"product_brand","embeddable":true,"href":"https:\/\/zlatarna-kolatahi.com\/index.php?rest_route=%2Fwp%2Fv2%2Fproduct_brand&post=3164"},{"taxonomy":"product_cat","embeddable":true,"href":"https:\/\/zlatarna-kolatahi.com\/index.php?rest_route=%2Fwp%2Fv2%2Fproduct_cat&post=3164"},{"taxonomy":"product_tag","embeddable":true,"href":"https:\/\/zlatarna-kolatahi.com\/index.php?rest_route=%2Fwp%2Fv2%2Fproduct_tag&post=3164"}],"curies":[{"name":"wp","href":"https:\/\/api.w.org\/{rel}","templated":true}]}}