{"id":3263,"date":"2026-02-03T20:32:47","date_gmt":"2026-02-03T20:32:47","guid":{"rendered":"https:\/\/lightpink-duck-199951.hostingersite.com\/?post_type=product&#038;p=3263"},"modified":"2026-05-15T19:37:52","modified_gmt":"2026-05-15T19:37:52","slug":"filigran-broska-3","status":"publish","type":"product","link":"https:\/\/zlatarna-kolatahi.com\/?product=filigran-broska-3","title":{"rendered":"Filigran Bro\u0161ka"},"content":{"rendered":"<p>Prefinjena filigranska bro\u0161ka je oblikovana z mislijo na detajle in eleganco. Njena lahkotna struktura omogo\u010da enostavno no\u0161enje brez obremenitve obla\u010dil. Primerna je za vsakodnevne kombinacije ali posebne prilo\u017enosti, kjer \u017eelite dodati subtilen poudarek. Klasi\u010den dizajn se lepo ujema z razli\u010dnimi stili. \u010cudovit dodatek, ki izra\u017ea okus in prefinjenost.&#8221;<\/p>\n","protected":false},"excerpt":{"rendered":"<p>Ne\u017ena filigranska bro\u0161ka za eleganten in \u017eenstven videz.&#8221;<\/p>\n","protected":false},"featured_media":3223,"comment_status":"open","ping_status":"closed","template":"","meta":[],"product_brand":[],"product_cat":[106],"product_tag":[107,108,109],"class_list":{"0":"post-3263","1":"product","2":"type-product","3":"status-publish","4":"has-post-thumbnail","6":"product_cat-broska-filigran","7":"product_tag-filigran-broska","8":"product_tag-filigree-brooch","9":"product_tag-spilla-in-filigrana","11":"first","12":"instock","13":"taxable","14":"shipping-taxable","15":"purchasable","16":"product-type-simple"},"yoast_head":"<!-- This site is optimized with the Yoast SEO plugin v27.6 - https:\/\/yoast.com\/product\/yoast-seo-wordpress\/ -->\n<title>Filigran Bro\u0161ka - Zlatarna Kolatahi<\/title>\n<meta name=\"description\" content=\"Poglejte si na\u0161o kolekcijo raznovrstnih izdelkov na na\u0161i spletni strani, vse od zapestnic in prtanov, do veri\u017eic in uhanov.Zlatarna Kolatahi.\" \/>\n<meta name=\"robots\" content=\"index, follow, max-snippet:-1, max-image-preview:large, max-video-preview:-1\" \/>\n<link rel=\"canonical\" href=\"https:\/\/zlatarna-kolatahi.com\/?product=filigran-broska-3\" \/>\n<meta property=\"og:locale\" content=\"sl_SI\" \/>\n<meta property=\"og:type\" content=\"article\" \/>\n<meta property=\"og:title\" content=\"Filigran Bro\u0161ka - Zlatarna Kolatahi\" \/>\n<meta property=\"og:description\" content=\"Poglejte si na\u0161o kolekcijo raznovrstnih izdelkov na na\u0161i spletni strani, vse od zapestnic in prtanov, do veri\u017eic in uhanov.Zlatarna Kolatahi.\" \/>\n<meta property=\"og:url\" content=\"https:\/\/zlatarna-kolatahi.com\/?product=filigran-broska-3\" \/>\n<meta property=\"og:site_name\" content=\"Zlatarna Kolatahi\" \/>\n<meta property=\"article:modified_time\" content=\"2026-05-15T19:37:52+00:00\" \/>\n<meta property=\"og:image\" content=\"https:\/\/zlatarna-kolatahi.com\/wp-content\/uploads\/2026\/02\/DSC_1482_rezultat-scaled.jpg\" \/>\n\t<meta property=\"og:image:width\" content=\"2560\" \/>\n\t<meta property=\"og:image:height\" content=\"1702\" \/>\n\t<meta property=\"og:image:type\" content=\"image\/jpeg\" \/>\n<meta name=\"twitter:card\" content=\"summary_large_image\" \/>\n<meta name=\"twitter:label1\" content=\"Est. reading time\" \/>\n\t<meta name=\"twitter:data1\" content=\"1 minuta\" \/>\n<script type=\"application\/ld+json\" class=\"yoast-schema-graph\">{\"@context\":\"https:\\\/\\\/schema.org\",\"@graph\":[{\"@type\":\"WebPage\",\"@id\":\"https:\\\/\\\/zlatarna-kolatahi.com\\\/?product=filigran-broska-3\",\"url\":\"https:\\\/\\\/zlatarna-kolatahi.com\\\/?product=filigran-broska-3\",\"name\":\"Filigran Bro\u0161ka - Zlatarna Kolatahi\",\"isPartOf\":{\"@id\":\"https:\\\/\\\/zlatarna-kolatahi.com\\\/#website\"},\"primaryImageOfPage\":{\"@id\":\"https:\\\/\\\/zlatarna-kolatahi.com\\\/?product=filigran-broska-3#primaryimage\"},\"image\":{\"@id\":\"https:\\\/\\\/zlatarna-kolatahi.com\\\/?product=filigran-broska-3#primaryimage\"},\"thumbnailUrl\":\"https:\\\/\\\/i0.wp.com\\\/zlatarna-kolatahi.com\\\/wp-content\\\/uploads\\\/2026\\\/02\\\/DSC_1482_rezultat-scaled.jpg?fit=2560%2C1702&ssl=1\",\"datePublished\":\"2026-02-03T20:32:47+00:00\",\"dateModified\":\"2026-05-15T19:37:52+00:00\",\"description\":\"Poglejte si na\u0161o kolekcijo raznovrstnih izdelkov na na\u0161i spletni strani, vse od zapestnic in prtanov, do veri\u017eic in uhanov.Zlatarna Kolatahi.\",\"breadcrumb\":{\"@id\":\"https:\\\/\\\/zlatarna-kolatahi.com\\\/?product=filigran-broska-3#breadcrumb\"},\"inLanguage\":\"sl-SI\",\"potentialAction\":[{\"@type\":\"ReadAction\",\"target\":[\"https:\\\/\\\/zlatarna-kolatahi.com\\\/?product=filigran-broska-3\"]}]},{\"@type\":\"ImageObject\",\"inLanguage\":\"sl-SI\",\"@id\":\"https:\\\/\\\/zlatarna-kolatahi.com\\\/?product=filigran-broska-3#primaryimage\",\"url\":\"https:\\\/\\\/i0.wp.com\\\/zlatarna-kolatahi.com\\\/wp-content\\\/uploads\\\/2026\\\/02\\\/DSC_1482_rezultat-scaled.jpg?fit=2560%2C1702&ssl=1\",\"contentUrl\":\"https:\\\/\\\/i0.wp.com\\\/zlatarna-kolatahi.com\\\/wp-content\\\/uploads\\\/2026\\\/02\\\/DSC_1482_rezultat-scaled.jpg?fit=2560%2C1702&ssl=1\",\"width\":2560,\"height\":1702,\"caption\":\"Bro\u0161ka iz filigrana\"},{\"@type\":\"BreadcrumbList\",\"@id\":\"https:\\\/\\\/zlatarna-kolatahi.com\\\/?product=filigran-broska-3#breadcrumb\",\"itemListElement\":[{\"@type\":\"ListItem\",\"position\":1,\"name\":\"Home\",\"item\":\"https:\\\/\\\/zlatarna-kolatahi.com\\\/\"},{\"@type\":\"ListItem\",\"position\":2,\"name\":\"Trgovina\",\"item\":\"https:\\\/\\\/zlatarna-kolatahi.com\\\/?page_id=11\"},{\"@type\":\"ListItem\",\"position\":3,\"name\":\"Filigran Bro\u0161ka\"}]},{\"@type\":\"WebSite\",\"@id\":\"https:\\\/\\\/zlatarna-kolatahi.com\\\/#website\",\"url\":\"https:\\\/\\\/zlatarna-kolatahi.com\\\/\",\"name\":\"Zlatarna Kolatahi\",\"description\":\"\",\"publisher\":{\"@id\":\"https:\\\/\\\/zlatarna-kolatahi.com\\\/#organization\"},\"potentialAction\":[{\"@type\":\"SearchAction\",\"target\":{\"@type\":\"EntryPoint\",\"urlTemplate\":\"https:\\\/\\\/zlatarna-kolatahi.com\\\/?s={search_term_string}\"},\"query-input\":{\"@type\":\"PropertyValueSpecification\",\"valueRequired\":true,\"valueName\":\"search_term_string\"}}],\"inLanguage\":\"sl-SI\"},{\"@type\":\"Organization\",\"@id\":\"https:\\\/\\\/zlatarna-kolatahi.com\\\/#organization\",\"name\":\"Zlatarna Kolatahi\",\"url\":\"https:\\\/\\\/zlatarna-kolatahi.com\\\/\",\"logo\":{\"@type\":\"ImageObject\",\"inLanguage\":\"sl-SI\",\"@id\":\"https:\\\/\\\/zlatarna-kolatahi.com\\\/#\\\/schema\\\/logo\\\/image\\\/\",\"url\":\"https:\\\/\\\/zlatarna-kolatahi.com\\\/wp-content\\\/uploads\\\/2026\\\/01\\\/cropped-cropped-Posnetek_zaslona_2026-01-17_123852-removebg-preview.png\",\"contentUrl\":\"https:\\\/\\\/zlatarna-kolatahi.com\\\/wp-content\\\/uploads\\\/2026\\\/01\\\/cropped-cropped-Posnetek_zaslona_2026-01-17_123852-removebg-preview.png\",\"width\":512,\"height\":512,\"caption\":\"Zlatarna Kolatahi\"},\"image\":{\"@id\":\"https:\\\/\\\/zlatarna-kolatahi.com\\\/#\\\/schema\\\/logo\\\/image\\\/\"}}]}<\/script>\n<!-- \/ Yoast SEO plugin. -->","yoast_head_json":{"title":"Filigran Bro\u0161ka - Zlatarna Kolatahi","description":"Poglejte si na\u0161o kolekcijo raznovrstnih izdelkov na na\u0161i spletni strani, vse od zapestnic in prtanov, do veri\u017eic in uhanov.Zlatarna Kolatahi.","robots":{"index":"index","follow":"follow","max-snippet":"max-snippet:-1","max-image-preview":"max-image-preview:large","max-video-preview":"max-video-preview:-1"},"canonical":"https:\/\/zlatarna-kolatahi.com\/?product=filigran-broska-3","og_locale":"sl_SI","og_type":"article","og_title":"Filigran Bro\u0161ka - Zlatarna Kolatahi","og_description":"Poglejte si na\u0161o kolekcijo raznovrstnih izdelkov na na\u0161i spletni strani, vse od zapestnic in prtanov, do veri\u017eic in uhanov.Zlatarna Kolatahi.","og_url":"https:\/\/zlatarna-kolatahi.com\/?product=filigran-broska-3","og_site_name":"Zlatarna Kolatahi","article_modified_time":"2026-05-15T19:37:52+00:00","og_image":[{"width":2560,"height":1702,"url":"https:\/\/zlatarna-kolatahi.com\/wp-content\/uploads\/2026\/02\/DSC_1482_rezultat-scaled.jpg","type":"image\/jpeg"}],"twitter_card":"summary_large_image","twitter_misc":{"Est. reading time":"1 minuta"},"schema":{"@context":"https:\/\/schema.org","@graph":[{"@type":"WebPage","@id":"https:\/\/zlatarna-kolatahi.com\/?product=filigran-broska-3","url":"https:\/\/zlatarna-kolatahi.com\/?product=filigran-broska-3","name":"Filigran Bro\u0161ka - Zlatarna Kolatahi","isPartOf":{"@id":"https:\/\/zlatarna-kolatahi.com\/#website"},"primaryImageOfPage":{"@id":"https:\/\/zlatarna-kolatahi.com\/?product=filigran-broska-3#primaryimage"},"image":{"@id":"https:\/\/zlatarna-kolatahi.com\/?product=filigran-broska-3#primaryimage"},"thumbnailUrl":"https:\/\/i0.wp.com\/zlatarna-kolatahi.com\/wp-content\/uploads\/2026\/02\/DSC_1482_rezultat-scaled.jpg?fit=2560%2C1702&ssl=1","datePublished":"2026-02-03T20:32:47+00:00","dateModified":"2026-05-15T19:37:52+00:00","description":"Poglejte si na\u0161o kolekcijo raznovrstnih izdelkov na na\u0161i spletni strani, vse od zapestnic in prtanov, do veri\u017eic in uhanov.Zlatarna Kolatahi.","breadcrumb":{"@id":"https:\/\/zlatarna-kolatahi.com\/?product=filigran-broska-3#breadcrumb"},"inLanguage":"sl-SI","potentialAction":[{"@type":"ReadAction","target":["https:\/\/zlatarna-kolatahi.com\/?product=filigran-broska-3"]}]},{"@type":"ImageObject","inLanguage":"sl-SI","@id":"https:\/\/zlatarna-kolatahi.com\/?product=filigran-broska-3#primaryimage","url":"https:\/\/i0.wp.com\/zlatarna-kolatahi.com\/wp-content\/uploads\/2026\/02\/DSC_1482_rezultat-scaled.jpg?fit=2560%2C1702&ssl=1","contentUrl":"https:\/\/i0.wp.com\/zlatarna-kolatahi.com\/wp-content\/uploads\/2026\/02\/DSC_1482_rezultat-scaled.jpg?fit=2560%2C1702&ssl=1","width":2560,"height":1702,"caption":"Bro\u0161ka iz filigrana"},{"@type":"BreadcrumbList","@id":"https:\/\/zlatarna-kolatahi.com\/?product=filigran-broska-3#breadcrumb","itemListElement":[{"@type":"ListItem","position":1,"name":"Home","item":"https:\/\/zlatarna-kolatahi.com\/"},{"@type":"ListItem","position":2,"name":"Trgovina","item":"https:\/\/zlatarna-kolatahi.com\/?page_id=11"},{"@type":"ListItem","position":3,"name":"Filigran Bro\u0161ka"}]},{"@type":"WebSite","@id":"https:\/\/zlatarna-kolatahi.com\/#website","url":"https:\/\/zlatarna-kolatahi.com\/","name":"Zlatarna Kolatahi","description":"","publisher":{"@id":"https:\/\/zlatarna-kolatahi.com\/#organization"},"potentialAction":[{"@type":"SearchAction","target":{"@type":"EntryPoint","urlTemplate":"https:\/\/zlatarna-kolatahi.com\/?s={search_term_string}"},"query-input":{"@type":"PropertyValueSpecification","valueRequired":true,"valueName":"search_term_string"}}],"inLanguage":"sl-SI"},{"@type":"Organization","@id":"https:\/\/zlatarna-kolatahi.com\/#organization","name":"Zlatarna Kolatahi","url":"https:\/\/zlatarna-kolatahi.com\/","logo":{"@type":"ImageObject","inLanguage":"sl-SI","@id":"https:\/\/zlatarna-kolatahi.com\/#\/schema\/logo\/image\/","url":"https:\/\/zlatarna-kolatahi.com\/wp-content\/uploads\/2026\/01\/cropped-cropped-Posnetek_zaslona_2026-01-17_123852-removebg-preview.png","contentUrl":"https:\/\/zlatarna-kolatahi.com\/wp-content\/uploads\/2026\/01\/cropped-cropped-Posnetek_zaslona_2026-01-17_123852-removebg-preview.png","width":512,"height":512,"caption":"Zlatarna Kolatahi"},"image":{"@id":"https:\/\/zlatarna-kolatahi.com\/#\/schema\/logo\/image\/"}}]}},"jetpack_sharing_enabled":true,"_links":{"self":[{"href":"https:\/\/zlatarna-kolatahi.com\/index.php?rest_route=\/wp\/v2\/product\/3263","targetHints":{"allow":["GET"]}}],"collection":[{"href":"https:\/\/zlatarna-kolatahi.com\/index.php?rest_route=\/wp\/v2\/product"}],"about":[{"href":"https:\/\/zlatarna-kolatahi.com\/index.php?rest_route=\/wp\/v2\/types\/product"}],"replies":[{"embeddable":true,"href":"https:\/\/zlatarna-kolatahi.com\/index.php?rest_route=%2Fwp%2Fv2%2Fcomments&post=3263"}],"wp:featuredmedia":[{"embeddable":true,"href":"https:\/\/zlatarna-kolatahi.com\/index.php?rest_route=\/wp\/v2\/media\/3223"}],"wp:attachment":[{"href":"https:\/\/zlatarna-kolatahi.com\/index.php?rest_route=%2Fwp%2Fv2%2Fmedia&parent=3263"}],"wp:term":[{"taxonomy":"product_brand","embeddable":true,"href":"https:\/\/zlatarna-kolatahi.com\/index.php?rest_route=%2Fwp%2Fv2%2Fproduct_brand&post=3263"},{"taxonomy":"product_cat","embeddable":true,"href":"https:\/\/zlatarna-kolatahi.com\/index.php?rest_route=%2Fwp%2Fv2%2Fproduct_cat&post=3263"},{"taxonomy":"product_tag","embeddable":true,"href":"https:\/\/zlatarna-kolatahi.com\/index.php?rest_route=%2Fwp%2Fv2%2Fproduct_tag&post=3263"}],"curies":[{"name":"wp","href":"https:\/\/api.w.org\/{rel}","templated":true}]}}